{"id":2432,"date":"2017-03-27T12:10:50","date_gmt":"2017-03-27T12:10:50","guid":{"rendered":"https:\/\/intermediaproducciones.com\/?page_id=2432"},"modified":"2017-10-24T18:58:52","modified_gmt":"2017-10-24T18:58:52","slug":"canciones_de_tu_memoria_negra","status":"publish","type":"page","link":"https:\/\/intermediaproducciones.com\/en\/canciones_de_tu_memoria_negra\/","title":{"rendered":"GURUMB\u00c9. CANCIONES DE TU MEMORIA NEGRA"},"content":{"rendered":"<h2><span class=\"rpHighlightAllClass rpHighlightSubjectClass\" tabindex=\"-1\">LA TRATA DE ESCLAVOS EN ESPA\u00d1A.<\/span><\/h2>\n<p>Queremos presentarles <strong>GURUMB\u00c9. CANCIONES DE TU MEMORIA NEGRA<\/strong>, una pel\u00edcula documental dirigida por el antrop\u00f3logo y cineasta Miguel Angel Rosales y producida por Intermedia Producciones.<\/p>\n<p><iframe loading=\"lazy\" src=\"http:\/\/player.vimeo.com\/video\/146310886?title=0&amp;byline=0&amp;portrait=0\" width=\"600\" height=\"340\" frameborder=\"0\"><\/iframe><\/p>\n<p>&nbsp;<\/p>\n<p><b>GURUMB\u00c9<\/b> es probablemente la primera pel\u00edcula que ha tratado profundamente la historia de la esclavitud en Espa\u00f1a y el legado de las poblaciones negroafricanas. A trav\u00e9s de 11 canciones y de la colaboraci\u00f3n de reconocidos investigadores muestra un tema tan desconocido como impactante.<\/p>\n<p>Nuestra pel\u00edcula ha abierto un importante debate en nuestro pa\u00eds, sobre la relaci\u00f3n de las formas musicales y expresivas del flamenco con las rutas de la esclavitud atlantica, el papel hist\u00f3rico de Espa\u00f1a en la historia de la trata esclavista y el desconocido porcentaje de poblacion negra que ten\u00eda nuestro pa\u00eds hasta el siglo XIX, que lleg\u00f3 en algunas ciudades como Sevilla o C\u00e1diz al 12 o 15 %.<\/p>\n<p><b>Gurumb\u00e9. Canciones de tu Memoria Negra<\/b> ha tenido una buena acogida en festivales y medios de comunicaci\u00f3n y gran exito de p\u00fablico en todas las proyecciones y festivales en que ha participado. Les invitamos a que revisen algunos de los art\u00edculos y entrevistas que han hablado sobre la pel\u00edcula y a que pasen por las salas de cine en algunas de las pr\u00f3ximas proyecciones y festivales en que participa.<\/p>\n<p>Thank you.<\/p>\n<p>&nbsp;<\/p>\n<h3>Synopsis<\/h3>\n<hr \/>\n<p><strong>GURUMB\u00c9. CANCIONES DE TU MEMORIA NEGRA<\/strong><br \/>\n<em><br \/>\nAl sur de Europa, donde hoy se blindan fronteras con concertinas y muros, ayer florec\u00eda un negocio que arrastraba forzosamente a miles de africanas y africanos al exilio y la explotaci\u00f3n. Gurumb\u00e9. Canciones de tu Memoria Negra nos cuenta su historia para cuestionar nuestro presente y recordarnos que \u00c1frica est\u00e1 muy dentro de lo que hoy somos.<\/em><\/p>\n<p><strong>GURUMB\u00c9. AFRO-ANDALUSIAN MEMORIES<\/strong><br \/>\n<em>Today Europe\u2019s southern borders are shielded with barbed wire and fences, but once a trade flourished here that forcibly kidnapped thousands of african men and women into exile and exploitation. Giving voice to its Afro Andalusian memories, Gurumb\u00e9 leads us to question Spanish identity, reminding us that \u00c1frica is weaved into its fabric.<\/em><\/p>\n<h3>Images<\/h3>\n<hr \/>\n<h1 class=\"page-heading\"><\/h1>\n\n\t\t<style type=\"text\/css\">\n\t\t\t#gallery-1 {\n\t\t\t\tmargin: auto;\n\t\t\t}\n\t\t\t#gallery-1 .gallery-item {\n\t\t\t\tfloat: left;\n\t\t\t\tmargin-top: 10px;\n\t\t\t\ttext-align: center;\n\t\t\t\twidth: 33%;\n\t\t\t}\n\t\t\t#gallery-1 img {\n\t\t\t\tborder: 2px solid #cfcfcf;\n\t\t\t}\n\t\t\t#gallery-1 .gallery-caption {\n\t\t\t\tmargin-left: 0;\n\t\t\t}\n\t\t\t\/* see gallery_shortcode() in wp-includes\/media.php *\/\n\t\t<\/style>\n\t\t<div id='gallery-1' class='gallery galleryid-2432 gallery-columns-3 gallery-size-thumbnail'><dl class='gallery-item'>\n\t\t\t<dt class='gallery-icon landscape'>\n\t\t\t\t<a href='https:\/\/intermediaproducciones.com\/wp-content\/uploads\/2015\/09\/Captura-de-pantalla-2015-09-09-a-las-10.15.31.png'><img loading=\"lazy\" decoding=\"async\" width=\"150\" height=\"150\" src=\"https:\/\/intermediaproducciones.com\/wp-content\/uploads\/2015\/09\/Captura-de-pantalla-2015-09-09-a-las-10.15.31-150x150.png\" class=\"attachment-thumbnail size-thumbnail\" alt=\"\" srcset=\"https:\/\/intermediaproducciones.com\/wp-content\/uploads\/2015\/09\/Captura-de-pantalla-2015-09-09-a-las-10.15.31-150x150.png 150w, https:\/\/intermediaproducciones.com\/wp-content\/uploads\/2015\/09\/Captura-de-pantalla-2015-09-09-a-las-10.15.31-100x100.png 100w\" sizes=\"auto, (max-width: 150px) 100vw, 150px\" \/><\/a>\n\t\t\t<\/dt><\/dl><dl class='gallery-item'>\n\t\t\t<dt class='gallery-icon landscape'>\n\t\t\t\t<a href='https:\/\/intermediaproducciones.com\/wp-content\/uploads\/2015\/09\/Captura-de-pantalla-2015-09-09-a-las-10.26.40.png'><img loading=\"lazy\" decoding=\"async\" width=\"150\" height=\"150\" src=\"https:\/\/intermediaproducciones.com\/wp-content\/uploads\/2015\/09\/Captura-de-pantalla-2015-09-09-a-las-10.26.40-150x150.png\" class=\"attachment-thumbnail size-thumbnail\" alt=\"\" srcset=\"https:\/\/intermediaproducciones.com\/wp-content\/uploads\/2015\/09\/Captura-de-pantalla-2015-09-09-a-las-10.26.40-150x150.png 150w, https:\/\/intermediaproducciones.com\/wp-content\/uploads\/2015\/09\/Captura-de-pantalla-2015-09-09-a-las-10.26.40-100x100.png 100w\" sizes=\"auto, (max-width: 150px) 100vw, 150px\" \/><\/a>\n\t\t\t<\/dt><\/dl><dl class='gallery-item'>\n\t\t\t<dt class='gallery-icon landscape'>\n\t\t\t\t<a href='https:\/\/intermediaproducciones.com\/wp-content\/uploads\/2017\/03\/gurumbe-img.png'><img loading=\"lazy\" decoding=\"async\" width=\"150\" height=\"150\" src=\"https:\/\/intermediaproducciones.com\/wp-content\/uploads\/2017\/03\/gurumbe-img-150x150.png\" class=\"attachment-thumbnail size-thumbnail\" alt=\"\" srcset=\"https:\/\/intermediaproducciones.com\/wp-content\/uploads\/2017\/03\/gurumbe-img-150x150.png 150w, https:\/\/intermediaproducciones.com\/wp-content\/uploads\/2017\/03\/gurumbe-img-100x100.png 100w\" sizes=\"auto, (max-width: 150px) 100vw, 150px\" \/><\/a>\n\t\t\t<\/dt><\/dl><br style=\"clear: both\" \/>\n\t\t<\/div>\n\n<p>&nbsp;<\/p>\n<p>&nbsp;<\/p>\n<p>&nbsp;<\/p>\n<table class=\"x_m_5622793115330961653mcnCaptionRightContentOuter\" style=\"height: 2268px;\" border=\"0\" width=\"554\" cellspacing=\"0\" cellpadding=\"0\">\n<tbody>\n<tr>\n<td class=\"x_m_5622793115330961653mcnTextContent\" valign=\"top\">\n<h3>Prensa<\/h3>\n<hr \/>\n<p><a href=\"https:\/\/intermediaproducciones.com\/wp-content\/uploads\/2017\/03\/MENU-objective-logo.jpg\"><img loading=\"lazy\" decoding=\"async\" class=\"alignleft wp-image-2448\" src=\"https:\/\/intermediaproducciones.com\/wp-content\/uploads\/2017\/03\/MENU-objective-logo-300x40.jpg\" alt=\"\" width=\"255\" height=\"34\" srcset=\"https:\/\/intermediaproducciones.com\/wp-content\/uploads\/2017\/03\/MENU-objective-logo-300x40.jpg 300w, https:\/\/intermediaproducciones.com\/wp-content\/uploads\/2017\/03\/MENU-objective-logo-16x2.jpg 16w, https:\/\/intermediaproducciones.com\/wp-content\/uploads\/2017\/03\/MENU-objective-logo.jpg 463w\" sizes=\"auto, (max-width: 255px) 100vw, 255px\" \/><\/a><\/p>\n<p>&nbsp;<\/p>\n<p><a href=\"http:\/\/theobjective.com\/further\/gurumbe-canciones-memoria-negra\/\">Gurumb\u00e9. Afro-Andalusian Memories<\/a><\/p>\n<p>&nbsp;<\/p>\n<p><img loading=\"lazy\" decoding=\"async\" class=\"alignnone\" src=\"https:\/\/intermediaproducciones.com\/wp-content\/uploads\/2017\/04\/elpaislogo.jpg.png\" alt=\"\" width=\"185\" height=\"49\" \/><\/p>\n<p><a href=\"http:\/\/cultura.elpais.com\/cultura\/2016\/09\/29\/actualidad\/1475145150_732138.html\" target=\"_blank\" rel=\"noopener noreferrer\">La huella cultural de los negros esclavos en Espa\u00f1a<\/a><\/p>\n<p>&nbsp;<\/p>\n<div>\n<p><img loading=\"lazy\" decoding=\"async\" class=\"img-frame\" src=\"https:\/\/intermediaproducciones.com\/wp-content\/uploads\/2017\/04\/rne1.png\" width=\"131\" height=\"61\" \/><\/p>\n<p><a href=\"http:\/\/www.rtve.es\/alacarta\/audios\/esto-me-suena-las-tardes-del-ciudadano-garcia\/esto-suena-tardes-del-ciudadano-garcia-esclavitud-negroafricana-espana\/3772098\/\" target=\"_blank\" rel=\"noopener noreferrer\">G<\/a><a href=\"http:\/\/www.rtve.es\/alacarta\/audios\/esto-me-suena-las-tardes-del-ciudadano-garcia\/esto-suena-tardes-del-ciudadano-garcia-esclavitud-negroafricana-espana\/3772098\/\" target=\"_blank\" rel=\"noopener noreferrer\">urumb\u00e9: La Esclavitud negroafricana en Espa\u00f1a<\/a><\/p>\n<p>&nbsp;<\/p>\n<p><img loading=\"lazy\" decoding=\"async\" class=\"img-frame\" src=\"https:\/\/intermediaproducciones.com\/wp-content\/uploads\/2017\/04\/eldiarioes.png\" width=\"162\" height=\"69\" \/><\/p>\n<p><a href=\"http:\/\/www.eldiario.es\/andalucia\/lacajanegra\/cine\/raiz-negra-esclava-Andalucia_0_556444664.html\" target=\"_blank\" rel=\"noopener noreferrer\">La ra\u00edz negra y esclava de Andaluc\u00eda<\/a><\/p>\n<p>&nbsp;<\/p>\n<p><img loading=\"lazy\" decoding=\"async\" class=\"alignnone\" src=\"https:\/\/intermediaproducciones.com\/wp-content\/uploads\/2017\/04\/ndice.jpg\" alt=\"\" width=\"178\" height=\"108\" \/><\/p>\n<p><a href=\"http:\/\/www.canalextremadura.es\/alacarta\/radio\/audios\/gurumbe-canciones-de-tu-memoria-negra\">Canal Extremadura: Gurumb\u00e9. Canciones de tu Memoria Negra<\/a><\/p>\n<p>&nbsp;<\/p>\n<p><img loading=\"lazy\" decoding=\"async\" class=\"img-frame\" src=\"https:\/\/intermediaproducciones.com\/wp-content\/uploads\/2017\/04\/Diagonal.jpg\" width=\"165\" height=\"53\" \/><\/p>\n<p><a href=\"https:\/\/www.diagonalperiodico.net\/culturas\/31174-la-esclavitud-negra-formo-serie-estereotipos-hoy-se-proyectan-sobre-fenomeno-la\" target=\"_blank\" rel=\"noopener noreferrer\">Espa\u00f1a, con Portugal, inicia la trata de esclavos<\/a><\/p>\n<p>&nbsp;<\/p>\n<\/div>\n<p><img loading=\"lazy\" decoding=\"async\" class=\"img-frame\" src=\"https:\/\/intermediaproducciones.com\/wp-content\/uploads\/2017\/04\/la-voz-del-sur1.png\" width=\"165\" height=\"83\" \/><\/p>\n<p><a href=\"http:\/\/www.lavozdelsur.es\/gurumbe-bajo-piel-andaluza\" target=\"_blank\" rel=\"noopener noreferrer\">Gurumb\u00e9. Bajo la piel andaluza.<\/a><\/p>\n<p>&nbsp;<\/p>\n<p><img loading=\"lazy\" decoding=\"async\" class=\"img-frame\" src=\"https:\/\/intermediaproducciones.com\/wp-content\/uploads\/2017\/04\/diario de sevilla.png\" width=\"196\" height=\"35\" \/><\/p>\n<p><a href=\"http:\/\/www.diariodesevilla.es\/article\/ocio\/2402488\/gurumbe\/color\/olvido.html\" target=\"_blank\" rel=\"noopener noreferrer\">Gurumb\u00e9. El color del olvido<\/a><\/p>\n<p>&nbsp;<\/p>\n<p><img loading=\"lazy\" decoding=\"async\" class=\"alignnone\" src=\"https:\/\/intermediaproducciones.com\/wp-content\/uploads\/2017\/04\/AFRIBUKU5.jpg\" alt=\"\" width=\"200\" height=\"62\" \/><\/p>\n<p><a href=\"http:\/\/www.afribuku.com\/gurumbe-miguel-angel-rosales-esclavitud-andalucia-flamenco\/\" target=\"_blank\" rel=\"noopener noreferrer\">Gurumb\u00e9, la memoria negra del flamenco<\/a><\/p>\n<p>&nbsp;<\/p>\n<p><img loading=\"lazy\" decoding=\"async\" class=\"img-frame\" src=\"https:\/\/intermediaproducciones.com\/wp-content\/uploads\/2017\/04\/spins.png\" width=\"155\" height=\"85\" \/><\/p>\n<p><a href=\"http:\/\/jbspins.blogspot.com.es\/search?q=gurumbe\" target=\"_blank\" rel=\"noopener noreferrer\">ADIFF&#8217;16 Gurumb\u00e9. Afroandalusian Memories <\/a><\/p>\n<p>&nbsp;<\/p>\n<p><img loading=\"lazy\" decoding=\"async\" class=\"img-frame\" src=\"https:\/\/intermediaproducciones.com\/wp-content\/uploads\/2017\/04\/lavanguardia.png\" width=\"265\" height=\"46\" \/><\/p>\n<p><a href=\"http:\/\/www.lavanguardia.com\/local\/sevilla\/20161118\/411973210736\/rosales-espera-que-gurumbe-sirva-para-reflexionar-sobre-la-inmigracion.html?utm_campaign=botones_sociales&amp;utm_source=facebook&amp;utm_medium=social\" target=\"_blank\" rel=\"noopener noreferrer\">Rosales espera que Gurumb\u00e9 sirva para reflexionar sobre la inmigraci\u00f3n<\/a><\/p>\n<p>&nbsp;<\/p>\n<p><img loading=\"lazy\" decoding=\"async\" class=\"alignnone\" src=\"https:\/\/intermediaproducciones.com\/wp-content\/uploads\/2017\/04\/eltopo.png\" alt=\"\" width=\"266\" height=\"55\" \/><\/p>\n<p><a href=\"http:\/\/eltopo.org\/miguel-angel-rosales-la-esclavitud-le-dio-un-gran-impulso-al-capitalismo-espanol-en-el-xix\/\" target=\"_blank\" rel=\"noopener noreferrer\">La esclavitud y el gran impulso del capitalismo espa\u00f1ol.<\/a><\/p>\n<p>&nbsp;<\/p>\n<p><img loading=\"lazy\" decoding=\"async\" class=\"alignnone\" src=\"https:\/\/intermediaproducciones.com\/wp-content\/uploads\/2017\/04\/CC.png\" alt=\"\" width=\"78\" height=\"64\" \/><\/p>\n<p><a href=\"http:\/\/caocultura.com\/gurumbe-abrir-los-ojos-recuperar-nuestra-memoria-negra\/\" target=\"_blank\" rel=\"noopener noreferrer\">CAOCULTURA: Gurumb\u00e9: Abrir los ojos para recuperar nuestra memoria negra<\/a><\/p>\n<p>&nbsp;<\/p>\n<p><img loading=\"lazy\" decoding=\"async\" class=\"alignnone\" src=\"https:\/\/intermediaproducciones.com\/wp-content\/uploads\/2017\/04\/2miradas.png\" alt=\"\" width=\"214\" height=\"44\" \/><\/p>\n<p><a href=\"http:\/\/www.con2miradas.com\/gurumbe-historia-andalucia-silenciada\/\" target=\"_blank\" rel=\"noopener noreferrer\">Gurumb\u00e9. Historia de Andaluc\u00eda Silenciada <\/a><\/p>\n<p>&nbsp;<\/p>\n<p><img loading=\"lazy\" decoding=\"async\" class=\"alignnone\" src=\"https:\/\/intermediaproducciones.com\/wp-content\/uploads\/2017\/04\/carne cruda.png\" alt=\"\" width=\"98\" height=\"97\" \/><\/p>\n<p><a href=\"http:\/\/www.eldiario.es\/carnecruda\/programas\/Espana-Negra-Gurumbe_6_613898606.html\" target=\"_blank\" rel=\"noopener noreferrer\">Carne Cruda: La Espa\u00f1a negra: Gurumb\u00e9<\/a><\/p>\n<p>&nbsp;<\/p>\n<p><img loading=\"lazy\" decoding=\"async\" class=\"alignnone\" src=\"https:\/\/intermediaproducciones.com\/wp-content\/uploads\/2017\/04\/tv2.png\" alt=\"\" width=\"120\" height=\"87\" \/><\/p>\n<p><a href=\"https:\/\/www.youtube.com\/watch?v=4oz1FHMjrGI\" target=\"_blank\" rel=\"noopener noreferrer\">Gurumb\u00e9. Informativos TVE2<\/a><\/td>\n<\/tr>\n<\/tbody>\n<\/table>\n<p><strong>GURUMB\u00c9. CANCIONES DE TU MEMORIA NEGRA.<\/strong><br \/>\nC\/ San Vicente, 17-3\u00baC<br \/>\nSevilla, Se 41003<br \/>\nSpain.<\/p>","protected":false},"excerpt":{"rendered":"<p>LA TRATA DE ESCLAVOS EN ESPA\u00d1A. Queremos presentarles GURUMB\u00c9. CANCIONES DE TU MEMORIA NEGRA, una pel\u00edcula documental dirigida por el antrop\u00f3logo y cineasta Miguel Angel Rosales y producida por Intermedia Producciones. &nbsp; GURUMB\u00c9 es probablemente la primera pel\u00edcula que ha tratado profundamente la historia de la esclavitud en Espa\u00f1a y el legado de las poblaciones [&hellip;]<\/p>","protected":false},"author":1,"featured_media":0,"parent":0,"menu_order":0,"comment_status":"closed","ping_status":"closed","template":"","meta":{"_acf_changed":false,"footnotes":""},"class_list":["post-2432","page","type-page","status-publish","hentry"],"acf":[],"yoast_head":"<!-- This site is optimized with the Yoast SEO plugin v25.3.1 - https:\/\/yoast.com\/wordpress\/plugins\/seo\/ -->\n<title>GURUMB\u00c9. CANCIONES DE TU MEMORIA NEGRA - Intermedia Producciones<\/title>\n<meta name=\"robots\" content=\"index, follow, max-snippet:-1, max-image-preview:large, max-video-preview:-1\" \/>\n<link rel=\"canonical\" href=\"https:\/\/intermediaproducciones.com\/en\/canciones_de_tu_memoria_negra\/\" \/>\n<meta property=\"og:locale\" content=\"en_GB\" \/>\n<meta property=\"og:type\" content=\"article\" \/>\n<meta property=\"og:title\" content=\"GURUMB\u00c9. CANCIONES DE TU MEMORIA NEGRA - Intermedia Producciones\" \/>\n<meta property=\"og:description\" content=\"LA TRATA DE ESCLAVOS EN ESPA\u00d1A. Queremos presentarles GURUMB\u00c9. CANCIONES DE TU MEMORIA NEGRA, una pel\u00edcula documental dirigida por el antrop\u00f3logo y cineasta Miguel Angel Rosales y producida por Intermedia Producciones. &nbsp; GURUMB\u00c9 es probablemente la primera pel\u00edcula que ha tratado profundamente la historia de la esclavitud en Espa\u00f1a y el legado de las poblaciones [&hellip;]\" \/>\n<meta property=\"og:url\" content=\"https:\/\/intermediaproducciones.com\/en\/canciones_de_tu_memoria_negra\/\" \/>\n<meta property=\"og:site_name\" content=\"Intermedia Producciones\" \/>\n<meta property=\"article:publisher\" content=\"https:\/\/www.facebook.com\/ProductoraIntermediaProducciones\" \/>\n<meta property=\"article:modified_time\" content=\"2017-10-24T18:58:52+00:00\" \/>\n<meta property=\"og:image\" content=\"https:\/\/intermediaproducciones.com\/wp-content\/uploads\/2015\/09\/Captura-de-pantalla-2015-09-09-a-las-10.15.31-150x150.png\" \/>\n<meta name=\"twitter:card\" content=\"summary_large_image\" \/>\n<meta name=\"twitter:label1\" content=\"Estimated reading time\" \/>\n\t<meta name=\"twitter:data1\" content=\"3 minutes\" \/>\n<script type=\"application\/ld+json\" class=\"yoast-schema-graph\">{\"@context\":\"https:\/\/schema.org\",\"@graph\":[{\"@type\":\"WebPage\",\"@id\":\"https:\/\/intermediaproducciones.com\/canciones_de_tu_memoria_negra\/\",\"url\":\"https:\/\/intermediaproducciones.com\/canciones_de_tu_memoria_negra\/\",\"name\":\"GURUMB\u00c9. CANCIONES DE TU MEMORIA NEGRA - Intermedia Producciones\",\"isPartOf\":{\"@id\":\"https:\/\/intermediaproducciones.com\/#website\"},\"primaryImageOfPage\":{\"@id\":\"https:\/\/intermediaproducciones.com\/canciones_de_tu_memoria_negra\/#primaryimage\"},\"image\":{\"@id\":\"https:\/\/intermediaproducciones.com\/canciones_de_tu_memoria_negra\/#primaryimage\"},\"thumbnailUrl\":\"https:\/\/intermediaproducciones.com\/wp-content\/uploads\/2017\/03\/MENU-objective-logo-300x40.jpg\",\"datePublished\":\"2017-03-27T12:10:50+00:00\",\"dateModified\":\"2017-10-24T18:58:52+00:00\",\"breadcrumb\":{\"@id\":\"https:\/\/intermediaproducciones.com\/canciones_de_tu_memoria_negra\/#breadcrumb\"},\"inLanguage\":\"en-GB\",\"potentialAction\":[{\"@type\":\"ReadAction\",\"target\":[\"https:\/\/intermediaproducciones.com\/canciones_de_tu_memoria_negra\/\"]}]},{\"@type\":\"ImageObject\",\"inLanguage\":\"en-GB\",\"@id\":\"https:\/\/intermediaproducciones.com\/canciones_de_tu_memoria_negra\/#primaryimage\",\"url\":\"https:\/\/intermediaproducciones.com\/wp-content\/uploads\/2017\/03\/MENU-objective-logo-300x40.jpg\",\"contentUrl\":\"https:\/\/intermediaproducciones.com\/wp-content\/uploads\/2017\/03\/MENU-objective-logo-300x40.jpg\"},{\"@type\":\"BreadcrumbList\",\"@id\":\"https:\/\/intermediaproducciones.com\/canciones_de_tu_memoria_negra\/#breadcrumb\",\"itemListElement\":[{\"@type\":\"ListItem\",\"position\":1,\"name\":\"Portada\",\"item\":\"https:\/\/intermediaproducciones.com\/\"},{\"@type\":\"ListItem\",\"position\":2,\"name\":\"GURUMB\u00c9. CANCIONES DE TU MEMORIA NEGRA\"}]},{\"@type\":\"WebSite\",\"@id\":\"https:\/\/intermediaproducciones.com\/#website\",\"url\":\"https:\/\/intermediaproducciones.com\/\",\"name\":\"Intermedia Producciones\",\"description\":\"Miradas, Visiones y Realidades\",\"publisher\":{\"@id\":\"https:\/\/intermediaproducciones.com\/#organization\"},\"potentialAction\":[{\"@type\":\"SearchAction\",\"target\":{\"@type\":\"EntryPoint\",\"urlTemplate\":\"https:\/\/intermediaproducciones.com\/?s={search_term_string}\"},\"query-input\":{\"@type\":\"PropertyValueSpecification\",\"valueRequired\":true,\"valueName\":\"search_term_string\"}}],\"inLanguage\":\"en-GB\"},{\"@type\":\"Organization\",\"@id\":\"https:\/\/intermediaproducciones.com\/#organization\",\"name\":\"Intermedia Producciones\",\"url\":\"https:\/\/intermediaproducciones.com\/\",\"logo\":{\"@type\":\"ImageObject\",\"inLanguage\":\"en-GB\",\"@id\":\"https:\/\/intermediaproducciones.com\/#\/schema\/logo\/image\/\",\"url\":\"https:\/\/intermediaproducciones.com\/wp-content\/uploads\/2019\/02\/logo_intermedia.png\",\"contentUrl\":\"https:\/\/intermediaproducciones.com\/wp-content\/uploads\/2019\/02\/logo_intermedia.png\",\"width\":199,\"height\":216,\"caption\":\"Intermedia Producciones\"},\"image\":{\"@id\":\"https:\/\/intermediaproducciones.com\/#\/schema\/logo\/image\/\"},\"sameAs\":[\"https:\/\/www.facebook.com\/ProductoraIntermediaProducciones\",\"https:\/\/vimeo.com\/intermedia\",\"https:\/\/www.youtube.com\/user\/IntermediaProd\",\"https:\/\/www.instagram.com\/intermediaproducciones\/\",\"https:\/\/www.linkedin.com\/company\/intermedia-producciones\/\"]}]}<\/script>\n<!-- \/ Yoast SEO plugin. -->","yoast_head_json":{"title":"GURUMB\u00c9. CANCIONES DE TU MEMORIA NEGRA - Intermedia Producciones","robots":{"index":"index","follow":"follow","max-snippet":"max-snippet:-1","max-image-preview":"max-image-preview:large","max-video-preview":"max-video-preview:-1"},"canonical":"https:\/\/intermediaproducciones.com\/en\/canciones_de_tu_memoria_negra\/","og_locale":"en_GB","og_type":"article","og_title":"GURUMB\u00c9. CANCIONES DE TU MEMORIA NEGRA - Intermedia Producciones","og_description":"LA TRATA DE ESCLAVOS EN ESPA\u00d1A. Queremos presentarles GURUMB\u00c9. CANCIONES DE TU MEMORIA NEGRA, una pel\u00edcula documental dirigida por el antrop\u00f3logo y cineasta Miguel Angel Rosales y producida por Intermedia Producciones. &nbsp; GURUMB\u00c9 es probablemente la primera pel\u00edcula que ha tratado profundamente la historia de la esclavitud en Espa\u00f1a y el legado de las poblaciones [&hellip;]","og_url":"https:\/\/intermediaproducciones.com\/en\/canciones_de_tu_memoria_negra\/","og_site_name":"Intermedia Producciones","article_publisher":"https:\/\/www.facebook.com\/ProductoraIntermediaProducciones","article_modified_time":"2017-10-24T18:58:52+00:00","og_image":[{"url":"https:\/\/intermediaproducciones.com\/wp-content\/uploads\/2015\/09\/Captura-de-pantalla-2015-09-09-a-las-10.15.31-150x150.png","type":"","width":"","height":""}],"twitter_card":"summary_large_image","twitter_misc":{"Estimated reading time":"3 minutes"},"schema":{"@context":"https:\/\/schema.org","@graph":[{"@type":"WebPage","@id":"https:\/\/intermediaproducciones.com\/canciones_de_tu_memoria_negra\/","url":"https:\/\/intermediaproducciones.com\/canciones_de_tu_memoria_negra\/","name":"GURUMB\u00c9. CANCIONES DE TU MEMORIA NEGRA - Intermedia Producciones","isPartOf":{"@id":"https:\/\/intermediaproducciones.com\/#website"},"primaryImageOfPage":{"@id":"https:\/\/intermediaproducciones.com\/canciones_de_tu_memoria_negra\/#primaryimage"},"image":{"@id":"https:\/\/intermediaproducciones.com\/canciones_de_tu_memoria_negra\/#primaryimage"},"thumbnailUrl":"https:\/\/intermediaproducciones.com\/wp-content\/uploads\/2017\/03\/MENU-objective-logo-300x40.jpg","datePublished":"2017-03-27T12:10:50+00:00","dateModified":"2017-10-24T18:58:52+00:00","breadcrumb":{"@id":"https:\/\/intermediaproducciones.com\/canciones_de_tu_memoria_negra\/#breadcrumb"},"inLanguage":"en-GB","potentialAction":[{"@type":"ReadAction","target":["https:\/\/intermediaproducciones.com\/canciones_de_tu_memoria_negra\/"]}]},{"@type":"ImageObject","inLanguage":"en-GB","@id":"https:\/\/intermediaproducciones.com\/canciones_de_tu_memoria_negra\/#primaryimage","url":"https:\/\/intermediaproducciones.com\/wp-content\/uploads\/2017\/03\/MENU-objective-logo-300x40.jpg","contentUrl":"https:\/\/intermediaproducciones.com\/wp-content\/uploads\/2017\/03\/MENU-objective-logo-300x40.jpg"},{"@type":"BreadcrumbList","@id":"https:\/\/intermediaproducciones.com\/canciones_de_tu_memoria_negra\/#breadcrumb","itemListElement":[{"@type":"ListItem","position":1,"name":"Portada","item":"https:\/\/intermediaproducciones.com\/"},{"@type":"ListItem","position":2,"name":"GURUMB\u00c9. CANCIONES DE TU MEMORIA NEGRA"}]},{"@type":"WebSite","@id":"https:\/\/intermediaproducciones.com\/#website","url":"https:\/\/intermediaproducciones.com\/","name":"Intermedia Producciones","description":"Miradas, Visiones y Realidades","publisher":{"@id":"https:\/\/intermediaproducciones.com\/#organization"},"potentialAction":[{"@type":"SearchAction","target":{"@type":"EntryPoint","urlTemplate":"https:\/\/intermediaproducciones.com\/?s={search_term_string}"},"query-input":{"@type":"PropertyValueSpecification","valueRequired":true,"valueName":"search_term_string"}}],"inLanguage":"en-GB"},{"@type":"Organization","@id":"https:\/\/intermediaproducciones.com\/#organization","name":"Intermedia Producciones","url":"https:\/\/intermediaproducciones.com\/","logo":{"@type":"ImageObject","inLanguage":"en-GB","@id":"https:\/\/intermediaproducciones.com\/#\/schema\/logo\/image\/","url":"https:\/\/intermediaproducciones.com\/wp-content\/uploads\/2019\/02\/logo_intermedia.png","contentUrl":"https:\/\/intermediaproducciones.com\/wp-content\/uploads\/2019\/02\/logo_intermedia.png","width":199,"height":216,"caption":"Intermedia Producciones"},"image":{"@id":"https:\/\/intermediaproducciones.com\/#\/schema\/logo\/image\/"},"sameAs":["https:\/\/www.facebook.com\/ProductoraIntermediaProducciones","https:\/\/vimeo.com\/intermedia","https:\/\/www.youtube.com\/user\/IntermediaProd","https:\/\/www.instagram.com\/intermediaproducciones\/","https:\/\/www.linkedin.com\/company\/intermedia-producciones\/"]}]}},"_links":{"self":[{"href":"https:\/\/intermediaproducciones.com\/en\/wp-json\/wp\/v2\/pages\/2432","targetHints":{"allow":["GET"]}}],"collection":[{"href":"https:\/\/intermediaproducciones.com\/en\/wp-json\/wp\/v2\/pages"}],"about":[{"href":"https:\/\/intermediaproducciones.com\/en\/wp-json\/wp\/v2\/types\/page"}],"author":[{"embeddable":true,"href":"https:\/\/intermediaproducciones.com\/en\/wp-json\/wp\/v2\/users\/1"}],"replies":[{"embeddable":true,"href":"https:\/\/intermediaproducciones.com\/en\/wp-json\/wp\/v2\/comments?post=2432"}],"version-history":[{"count":18,"href":"https:\/\/intermediaproducciones.com\/en\/wp-json\/wp\/v2\/pages\/2432\/revisions"}],"predecessor-version":[{"id":2458,"href":"https:\/\/intermediaproducciones.com\/en\/wp-json\/wp\/v2\/pages\/2432\/revisions\/2458"}],"wp:attachment":[{"href":"https:\/\/intermediaproducciones.com\/en\/wp-json\/wp\/v2\/media?parent=2432"}],"curies":[{"name":"wp","href":"https:\/\/api.w.org\/{rel}","templated":true}]}}