{"id":2515,"date":"2018-08-22T15:51:47","date_gmt":"2018-08-22T15:51:47","guid":{"rendered":"https:\/\/intermediaproducciones.com\/?post_type=product&#038;p=2515"},"modified":"2022-02-10T11:38:09","modified_gmt":"2022-02-10T11:38:09","slug":"londres-no-es-sevilla","status":"publish","type":"product","link":"https:\/\/intermediaproducciones.com\/en\/product\/londres-no-es-sevilla\/","title":{"rendered":"London is not Seville"},"content":{"rendered":"<p>Documental<br \/>\nHDV. 52\u2032. JULIO 2010<\/p>\n<p><strong>Direcci\u00f3n y Gui\u00f3n:<\/strong> Mariano Agudo<br \/>\n<strong>Fotograf\u00ed\u00ada:<\/strong> Mariano Agudo<br \/>\n<strong>Producci\u00f3n:<\/strong> Intermedia Producciones.CSOA Casas Viejas<br \/>\n<strong>Montage:<\/strong> Kiko Romero<br \/>\n<strong>Sound:<\/strong> Daniel de Zayas. Enrique de Justo<br \/>\n<strong>Dise\u00f1o Gr\u00e1fico:<\/strong> Ricardo Barqu\u00ed\u00adn<\/p>\n<p><iframe loading=\"lazy\" src=\"https:\/\/www.youtube.com\/embed\/M_YfJsE45zA\" width=\"100%\" height=\"300\" frameborder=\"0\" allowfullscreen=\"allowfullscreen\"><\/iframe><\/p>\n<p><strong>Synopsis:<\/strong> Sevilla. El 29 de noviembre de 2007, a las 8:00 AM, se inicia el desalojo del CENTRO SOCIAL OKUPADO Y AUTOGESTIONADO Casas Viejas. Seis personas anclan sus brazos al edificio, dos de ellas en un t\u00fanel a CUATRO metros de profundidad. Mientras en el exterior, centenares de personas se manifiestan en un \u00faltimo intento por impedir el desalojo. Este documental es la cr\u00f3nica de las 36 horas que dur\u00f3 el desalojo del CSOA Casas Viejas.Documentary<br \/>\nHDV. 52\u2032. JULY 2010<\/p>\n<p><strong>Director and script:<\/strong> Mariano Agudo<br \/>\n<strong>Cinematography:<\/strong> Mariano Agudo<br \/>\n<strong>Producer:<\/strong> Intermedia Producciones.CSOA Casas Viejas<br \/>\n<strong>Editor:<\/strong> Kiko Romero<br \/>\n<strong>Sound:<\/strong> Daniel de Zayas. Enrique de Justo<br \/>\n<strong>Graphic Design:<\/strong> Ricardo Barqu\u00ed\u00adn<\/p>\n<p><iframe loading=\"lazy\" src=\"https:\/\/www.youtube.com\/embed\/M_YfJsE45zA\" width=\"100%\" height=\"300\" frameborder=\"0\" allowfullscreen=\"allowfullscreen\"><\/iframe><\/p>\n<p><strong>Synopsis:<\/strong> Sevilla. Seville, the November 29, 2007, at 8:00 AM, the eviction of the squatted and self-managed social center \u201cCasas Viejas\u201d starts. Six people anchor their arms to the building, two of them in a tunnel four meters below the ground level.At the same time, hundreds of people demonstrated in the streets in a last attempt to stop the eviction. This documentary narrates the 36 hours that lasted the eviction of Casas Viejas.<\/p>","protected":false},"excerpt":{"rendered":"<p>Documental HDV. 52\u2032. JULIO 2010 Direcci\u00f3n y Gui\u00f3n: Mariano Agudo Fotograf\u00ed\u00ada: Mariano Agudo Producci\u00f3n: Intermedia Producciones.CSOA Casas Viejas Montaje: Kiko Romero Sonido: Daniel de Zayas. Enrique de Justo Dise\u00f1o Gr\u00e1fico: Ricardo Barqu\u00ed\u00adn Sinopsis: Sevilla. El 29 de noviembre de 2007, a las 8:00 AM, se inicia el desalojo del CENTRO SOCIAL OKUPADO Y AUTOGESTIONADO Casas [&hellip;]<\/p>","protected":false},"featured_media":2516,"template":"","meta":{"_acf_changed":false},"product_brand":[],"product_cat":[422],"product_tag":[2494,493,2492,2493],"class_list":{"0":"post-2515","1":"product","2":"type-product","3":"status-publish","4":"has-post-thumbnail","6":"product_cat-productos","7":"product_tag-casas-viejas","8":"product_tag-documental","9":"product_tag-londres-no-es-sevilla","10":"product_tag-okupacion","12":"first","13":"instock","14":"taxable","15":"shipping-taxable","16":"purchasable","17":"product-type-simple"},"acf":[],"yoast_head":"<!-- This site is optimized with the Yoast SEO plugin v25.3.1 - https:\/\/yoast.com\/wordpress\/plugins\/seo\/ -->\n<title>Londres no es Sevilla - Intermedia Producciones<\/title>\n<meta name=\"robots\" content=\"index, follow, max-snippet:-1, max-image-preview:large, max-video-preview:-1\" \/>\n<link rel=\"canonical\" href=\"https:\/\/intermediaproducciones.com\/en\/product\/londres-no-es-sevilla\/\" \/>\n<meta property=\"og:locale\" content=\"en_GB\" \/>\n<meta property=\"og:type\" content=\"article\" \/>\n<meta property=\"og:title\" content=\"Londres no es Sevilla - Intermedia Producciones\" \/>\n<meta property=\"og:description\" content=\"Documental HDV. 52\u2032. JULIO 2010 Direcci\u00f3n y Gui\u00f3n: Mariano Agudo Fotograf\u00ed\u00ada: Mariano Agudo Producci\u00f3n: Intermedia Producciones.CSOA Casas Viejas Montaje: Kiko Romero Sonido: Daniel de Zayas. Enrique de Justo Dise\u00f1o Gr\u00e1fico: Ricardo Barqu\u00ed\u00adn Sinopsis: Sevilla. El 29 de noviembre de 2007, a las 8:00 AM, se inicia el desalojo del CENTRO SOCIAL OKUPADO Y AUTOGESTIONADO Casas [&hellip;]\" \/>\n<meta property=\"og:url\" content=\"https:\/\/intermediaproducciones.com\/en\/product\/londres-no-es-sevilla\/\" \/>\n<meta property=\"og:site_name\" content=\"Intermedia Producciones\" \/>\n<meta property=\"article:publisher\" content=\"https:\/\/www.facebook.com\/ProductoraIntermediaProducciones\" \/>\n<meta property=\"article:modified_time\" content=\"2022-02-10T11:38:09+00:00\" \/>\n<meta property=\"og:image\" content=\"https:\/\/intermediaproducciones.com\/wp-content\/uploads\/2018\/08\/londresnoessevilla.jpg\" \/>\n\t<meta property=\"og:image:width\" content=\"450\" \/>\n\t<meta property=\"og:image:height\" content=\"640\" \/>\n\t<meta property=\"og:image:type\" content=\"image\/jpeg\" \/>\n<meta name=\"twitter:card\" content=\"summary_large_image\" \/>\n<meta name=\"twitter:label1\" content=\"Estimated reading time\" \/>\n\t<meta name=\"twitter:data1\" content=\"1 minute\" \/>\n<script type=\"application\/ld+json\" class=\"yoast-schema-graph\">{\"@context\":\"https:\/\/schema.org\",\"@graph\":[{\"@type\":\"WebPage\",\"@id\":\"https:\/\/intermediaproducciones.com\/en\/product\/londres-no-es-sevilla\/\",\"url\":\"https:\/\/intermediaproducciones.com\/en\/product\/londres-no-es-sevilla\/\",\"name\":\"Londres no es Sevilla - Intermedia Producciones\",\"isPartOf\":{\"@id\":\"https:\/\/intermediaproducciones.com\/#website\"},\"primaryImageOfPage\":{\"@id\":\"https:\/\/intermediaproducciones.com\/en\/product\/londres-no-es-sevilla\/#primaryimage\"},\"image\":{\"@id\":\"https:\/\/intermediaproducciones.com\/en\/product\/londres-no-es-sevilla\/#primaryimage\"},\"thumbnailUrl\":\"https:\/\/intermediaproducciones.com\/wp-content\/uploads\/2018\/08\/londresnoessevilla.jpg\",\"datePublished\":\"2018-08-22T15:51:47+00:00\",\"dateModified\":\"2022-02-10T11:38:09+00:00\",\"breadcrumb\":{\"@id\":\"https:\/\/intermediaproducciones.com\/en\/product\/londres-no-es-sevilla\/#breadcrumb\"},\"inLanguage\":\"en-GB\",\"potentialAction\":[{\"@type\":\"ReadAction\",\"target\":[\"https:\/\/intermediaproducciones.com\/en\/product\/londres-no-es-sevilla\/\"]}]},{\"@type\":\"ImageObject\",\"inLanguage\":\"en-GB\",\"@id\":\"https:\/\/intermediaproducciones.com\/en\/product\/londres-no-es-sevilla\/#primaryimage\",\"url\":\"https:\/\/intermediaproducciones.com\/wp-content\/uploads\/2018\/08\/londresnoessevilla.jpg\",\"contentUrl\":\"https:\/\/intermediaproducciones.com\/wp-content\/uploads\/2018\/08\/londresnoessevilla.jpg\",\"width\":450,\"height\":640},{\"@type\":\"BreadcrumbList\",\"@id\":\"https:\/\/intermediaproducciones.com\/en\/product\/londres-no-es-sevilla\/#breadcrumb\",\"itemListElement\":[{\"@type\":\"ListItem\",\"position\":1,\"name\":\"Portada\",\"item\":\"https:\/\/intermediaproducciones.com\/\"},{\"@type\":\"ListItem\",\"position\":2,\"name\":\"Tienda\",\"item\":\"https:\/\/intermediaproducciones.com\/en\/tienda\/\"},{\"@type\":\"ListItem\",\"position\":3,\"name\":\"Londres no es Sevilla\"}]},{\"@type\":\"WebSite\",\"@id\":\"https:\/\/intermediaproducciones.com\/#website\",\"url\":\"https:\/\/intermediaproducciones.com\/\",\"name\":\"Intermedia Producciones\",\"description\":\"Miradas, Visiones y Realidades\",\"publisher\":{\"@id\":\"https:\/\/intermediaproducciones.com\/#organization\"},\"potentialAction\":[{\"@type\":\"SearchAction\",\"target\":{\"@type\":\"EntryPoint\",\"urlTemplate\":\"https:\/\/intermediaproducciones.com\/?s={search_term_string}\"},\"query-input\":{\"@type\":\"PropertyValueSpecification\",\"valueRequired\":true,\"valueName\":\"search_term_string\"}}],\"inLanguage\":\"en-GB\"},{\"@type\":\"Organization\",\"@id\":\"https:\/\/intermediaproducciones.com\/#organization\",\"name\":\"Intermedia Producciones\",\"url\":\"https:\/\/intermediaproducciones.com\/\",\"logo\":{\"@type\":\"ImageObject\",\"inLanguage\":\"en-GB\",\"@id\":\"https:\/\/intermediaproducciones.com\/#\/schema\/logo\/image\/\",\"url\":\"https:\/\/intermediaproducciones.com\/wp-content\/uploads\/2019\/02\/logo_intermedia.png\",\"contentUrl\":\"https:\/\/intermediaproducciones.com\/wp-content\/uploads\/2019\/02\/logo_intermedia.png\",\"width\":199,\"height\":216,\"caption\":\"Intermedia Producciones\"},\"image\":{\"@id\":\"https:\/\/intermediaproducciones.com\/#\/schema\/logo\/image\/\"},\"sameAs\":[\"https:\/\/www.facebook.com\/ProductoraIntermediaProducciones\",\"https:\/\/vimeo.com\/intermedia\",\"https:\/\/www.youtube.com\/user\/IntermediaProd\",\"https:\/\/www.instagram.com\/intermediaproducciones\/\",\"https:\/\/www.linkedin.com\/company\/intermedia-producciones\/\"]}]}<\/script>\n<!-- \/ Yoast SEO plugin. -->","yoast_head_json":{"title":"Londres no es Sevilla - Intermedia Producciones","robots":{"index":"index","follow":"follow","max-snippet":"max-snippet:-1","max-image-preview":"max-image-preview:large","max-video-preview":"max-video-preview:-1"},"canonical":"https:\/\/intermediaproducciones.com\/en\/product\/londres-no-es-sevilla\/","og_locale":"en_GB","og_type":"article","og_title":"Londres no es Sevilla - Intermedia Producciones","og_description":"Documental HDV. 52\u2032. JULIO 2010 Direcci\u00f3n y Gui\u00f3n: Mariano Agudo Fotograf\u00ed\u00ada: Mariano Agudo Producci\u00f3n: Intermedia Producciones.CSOA Casas Viejas Montaje: Kiko Romero Sonido: Daniel de Zayas. Enrique de Justo Dise\u00f1o Gr\u00e1fico: Ricardo Barqu\u00ed\u00adn Sinopsis: Sevilla. El 29 de noviembre de 2007, a las 8:00 AM, se inicia el desalojo del CENTRO SOCIAL OKUPADO Y AUTOGESTIONADO Casas [&hellip;]","og_url":"https:\/\/intermediaproducciones.com\/en\/product\/londres-no-es-sevilla\/","og_site_name":"Intermedia Producciones","article_publisher":"https:\/\/www.facebook.com\/ProductoraIntermediaProducciones","article_modified_time":"2022-02-10T11:38:09+00:00","og_image":[{"width":450,"height":640,"url":"https:\/\/intermediaproducciones.com\/wp-content\/uploads\/2018\/08\/londresnoessevilla.jpg","type":"image\/jpeg"}],"twitter_card":"summary_large_image","twitter_misc":{"Estimated reading time":"1 minute"},"schema":{"@context":"https:\/\/schema.org","@graph":[{"@type":"WebPage","@id":"https:\/\/intermediaproducciones.com\/en\/product\/londres-no-es-sevilla\/","url":"https:\/\/intermediaproducciones.com\/en\/product\/londres-no-es-sevilla\/","name":"Londres no es Sevilla - Intermedia Producciones","isPartOf":{"@id":"https:\/\/intermediaproducciones.com\/#website"},"primaryImageOfPage":{"@id":"https:\/\/intermediaproducciones.com\/en\/product\/londres-no-es-sevilla\/#primaryimage"},"image":{"@id":"https:\/\/intermediaproducciones.com\/en\/product\/londres-no-es-sevilla\/#primaryimage"},"thumbnailUrl":"https:\/\/intermediaproducciones.com\/wp-content\/uploads\/2018\/08\/londresnoessevilla.jpg","datePublished":"2018-08-22T15:51:47+00:00","dateModified":"2022-02-10T11:38:09+00:00","breadcrumb":{"@id":"https:\/\/intermediaproducciones.com\/en\/product\/londres-no-es-sevilla\/#breadcrumb"},"inLanguage":"en-GB","potentialAction":[{"@type":"ReadAction","target":["https:\/\/intermediaproducciones.com\/en\/product\/londres-no-es-sevilla\/"]}]},{"@type":"ImageObject","inLanguage":"en-GB","@id":"https:\/\/intermediaproducciones.com\/en\/product\/londres-no-es-sevilla\/#primaryimage","url":"https:\/\/intermediaproducciones.com\/wp-content\/uploads\/2018\/08\/londresnoessevilla.jpg","contentUrl":"https:\/\/intermediaproducciones.com\/wp-content\/uploads\/2018\/08\/londresnoessevilla.jpg","width":450,"height":640},{"@type":"BreadcrumbList","@id":"https:\/\/intermediaproducciones.com\/en\/product\/londres-no-es-sevilla\/#breadcrumb","itemListElement":[{"@type":"ListItem","position":1,"name":"Portada","item":"https:\/\/intermediaproducciones.com\/"},{"@type":"ListItem","position":2,"name":"Tienda","item":"https:\/\/intermediaproducciones.com\/en\/tienda\/"},{"@type":"ListItem","position":3,"name":"Londres no es Sevilla"}]},{"@type":"WebSite","@id":"https:\/\/intermediaproducciones.com\/#website","url":"https:\/\/intermediaproducciones.com\/","name":"Intermedia Producciones","description":"Miradas, Visiones y Realidades","publisher":{"@id":"https:\/\/intermediaproducciones.com\/#organization"},"potentialAction":[{"@type":"SearchAction","target":{"@type":"EntryPoint","urlTemplate":"https:\/\/intermediaproducciones.com\/?s={search_term_string}"},"query-input":{"@type":"PropertyValueSpecification","valueRequired":true,"valueName":"search_term_string"}}],"inLanguage":"en-GB"},{"@type":"Organization","@id":"https:\/\/intermediaproducciones.com\/#organization","name":"Intermedia Producciones","url":"https:\/\/intermediaproducciones.com\/","logo":{"@type":"ImageObject","inLanguage":"en-GB","@id":"https:\/\/intermediaproducciones.com\/#\/schema\/logo\/image\/","url":"https:\/\/intermediaproducciones.com\/wp-content\/uploads\/2019\/02\/logo_intermedia.png","contentUrl":"https:\/\/intermediaproducciones.com\/wp-content\/uploads\/2019\/02\/logo_intermedia.png","width":199,"height":216,"caption":"Intermedia Producciones"},"image":{"@id":"https:\/\/intermediaproducciones.com\/#\/schema\/logo\/image\/"},"sameAs":["https:\/\/www.facebook.com\/ProductoraIntermediaProducciones","https:\/\/vimeo.com\/intermedia","https:\/\/www.youtube.com\/user\/IntermediaProd","https:\/\/www.instagram.com\/intermediaproducciones\/","https:\/\/www.linkedin.com\/company\/intermedia-producciones\/"]}]}},"_links":{"self":[{"href":"https:\/\/intermediaproducciones.com\/en\/wp-json\/wp\/v2\/product\/2515","targetHints":{"allow":["GET"]}}],"collection":[{"href":"https:\/\/intermediaproducciones.com\/en\/wp-json\/wp\/v2\/product"}],"about":[{"href":"https:\/\/intermediaproducciones.com\/en\/wp-json\/wp\/v2\/types\/product"}],"wp:featuredmedia":[{"embeddable":true,"href":"https:\/\/intermediaproducciones.com\/en\/wp-json\/wp\/v2\/media\/2516"}],"wp:attachment":[{"href":"https:\/\/intermediaproducciones.com\/en\/wp-json\/wp\/v2\/media?parent=2515"}],"wp:term":[{"taxonomy":"product_brand","embeddable":true,"href":"https:\/\/intermediaproducciones.com\/en\/wp-json\/wp\/v2\/product_brand?post=2515"},{"taxonomy":"product_cat","embeddable":true,"href":"https:\/\/intermediaproducciones.com\/en\/wp-json\/wp\/v2\/product_cat?post=2515"},{"taxonomy":"product_tag","embeddable":true,"href":"https:\/\/intermediaproducciones.com\/en\/wp-json\/wp\/v2\/product_tag?post=2515"}],"curies":[{"name":"wp","href":"https:\/\/api.w.org\/{rel}","templated":true}]}}