{"id":2521,"date":"2018-08-22T16:44:00","date_gmt":"2018-08-22T16:44:00","guid":{"rendered":"https:\/\/intermediaproducciones.com\/?post_type=product&#038;p=2521"},"modified":"2022-02-10T11:37:57","modified_gmt":"2022-02-10T11:37:57","slug":"la-partida","status":"publish","type":"product","link":"https:\/\/intermediaproducciones.com\/en\/product\/la-partida\/","title":{"rendered":"La Partida"},"content":{"rendered":"<p>OCTUBRE 2007<br \/>\nBetacam SP. 60\u2032<\/p>\n<p><strong>Director:<\/strong> Mariano Agudo<br \/>\n<strong>Ayudante de Direcci\u00f3n:<\/strong> Eduardo Montero<br \/>\n<strong>Producci\u00f3n Ejecutiva:<\/strong> Julio S\u00e1nchez Veiga<br \/>\n<strong>Sound:<\/strong> Daniel de Zayas<br \/>\n<strong>Producci\u00f3n:<\/strong> Mar\u00ed\u00ada Mart\u00ed\u00adn. Miguel Paredes<br \/>\n<strong>Infograf\u00ed\u00ada y Dise\u00f1o:<\/strong> Joaqu\u00ed\u00adn Le\u00f3n, Mar\u00ed\u00ada Rodr\u00ed\u00adguez<br \/>\n<strong>Edici\u00f3n:<\/strong> M\u00aa Luz Dom\u00ed\u00adnguez<\/p>\n<div style=\"padding: 80% 0 0 0; position: relative;\"><iframe style=\"position: absolute; top: 0; left: 0; width: 100%; height: 100%;\" src=\"https:\/\/player.vimeo.com\/video\/14474988\" frameborder=\"0\" allowfullscreen=\"allowfullscreen\"><\/iframe><\/div>\n<p><script src=\"https:\/\/player.vimeo.com\/api\/player.js\"><\/script><\/p>\n<p><strong>Synopsis:<\/strong> After the Spanish Civil War, thousands of anti-fascist fighters hid in the hills to save their lives. La Partida is a is a journey back in time to an Andalusian region that was the epicenter of activity of one of the most active guerrilla groups in the country, \u2018la Partida de Roberto\u2019. Franco will not hesitate in using dirty war against the last attempt of the Republican forces in the fight for freedom.<\/p>\n<p><strong>Con la colaboraci\u00f3n de:<\/strong><\/p>\n<p>Junta de Andaluc\u00ed\u00ada \u2013 Consejer\u00ed\u00ada de Cultura<br \/>\nDerechos de emisi\u00f3n para televisi\u00f3n adquiridos por Canal Sur TV<\/p>\n<p><strong>History<\/strong><\/p>\n<p>IMAGINERA 2009 Award<\/p>","protected":false},"excerpt":{"rendered":"<p>OCTUBRE 2007 Betacam SP. 60\u2032 Direcci\u00f3n: Mariano Agudo Ayudante de Direcci\u00f3n: Eduardo Montero Producci\u00f3n Ejecutiva: Julio S\u00e1nchez Veiga Sonido: Daniel de Zayas Producci\u00f3n: Mar\u00ed\u00ada Mart\u00ed\u00adn. Miguel Paredes Infograf\u00ed\u00ada y Dise\u00f1o: Joaqu\u00ed\u00adn Le\u00f3n, Mar\u00ed\u00ada Rodr\u00ed\u00adguez Edici\u00f3n: M\u00aa Luz Dom\u00ed\u00adnguez Sinopsis: Tras finalizar la Guerra Civil espa\u00f1ola, miles de combatientes antifascistas partieron a los montes para salvar [&hellip;]<\/p>","protected":false},"featured_media":2522,"template":"","meta":{"_acf_changed":false},"product_brand":[],"product_cat":[422],"product_tag":[493,2501,2500,2502],"class_list":{"0":"post-2521","1":"product","2":"type-product","3":"status-publish","4":"has-post-thumbnail","6":"product_cat-productos","7":"product_tag-documental","8":"product_tag-guerra-civil","9":"product_tag-la-partida","10":"product_tag-maqui","12":"first","13":"instock","14":"taxable","15":"shipping-taxable","16":"purchasable","17":"product-type-simple"},"acf":[],"yoast_head":"<!-- This site is optimized with the Yoast SEO plugin v25.3.1 - https:\/\/yoast.com\/wordpress\/plugins\/seo\/ -->\n<title>La Partida - Intermedia Producciones<\/title>\n<meta name=\"robots\" content=\"index, follow, max-snippet:-1, max-image-preview:large, max-video-preview:-1\" \/>\n<link rel=\"canonical\" href=\"https:\/\/intermediaproducciones.com\/en\/product\/la-partida\/\" \/>\n<meta property=\"og:locale\" content=\"en_GB\" \/>\n<meta property=\"og:type\" content=\"article\" \/>\n<meta property=\"og:title\" content=\"La Partida - Intermedia Producciones\" \/>\n<meta property=\"og:description\" content=\"OCTUBRE 2007 Betacam SP. 60\u2032 Direcci\u00f3n: Mariano Agudo Ayudante de Direcci\u00f3n: Eduardo Montero Producci\u00f3n Ejecutiva: Julio S\u00e1nchez Veiga Sonido: Daniel de Zayas Producci\u00f3n: Mar\u00ed\u00ada Mart\u00ed\u00adn. Miguel Paredes Infograf\u00ed\u00ada y Dise\u00f1o: Joaqu\u00ed\u00adn Le\u00f3n, Mar\u00ed\u00ada Rodr\u00ed\u00adguez Edici\u00f3n: M\u00aa Luz Dom\u00ed\u00adnguez Sinopsis: Tras finalizar la Guerra Civil espa\u00f1ola, miles de combatientes antifascistas partieron a los montes para salvar [&hellip;]\" \/>\n<meta property=\"og:url\" content=\"https:\/\/intermediaproducciones.com\/en\/product\/la-partida\/\" \/>\n<meta property=\"og:site_name\" content=\"Intermedia Producciones\" \/>\n<meta property=\"article:publisher\" content=\"https:\/\/www.facebook.com\/ProductoraIntermediaProducciones\" \/>\n<meta property=\"article:modified_time\" content=\"2022-02-10T11:37:57+00:00\" \/>\n<meta property=\"og:image\" content=\"https:\/\/intermediaproducciones.com\/wp-content\/uploads\/2018\/08\/CARTELAPARTIDA.jpg\" \/>\n\t<meta property=\"og:image:width\" content=\"737\" \/>\n\t<meta property=\"og:image:height\" content=\"1020\" \/>\n\t<meta property=\"og:image:type\" content=\"image\/jpeg\" \/>\n<meta name=\"twitter:card\" content=\"summary_large_image\" \/>\n<meta name=\"twitter:label1\" content=\"Estimated reading time\" \/>\n\t<meta name=\"twitter:data1\" content=\"1 minute\" \/>\n<script type=\"application\/ld+json\" class=\"yoast-schema-graph\">{\"@context\":\"https:\/\/schema.org\",\"@graph\":[{\"@type\":\"WebPage\",\"@id\":\"https:\/\/intermediaproducciones.com\/en\/product\/la-partida\/\",\"url\":\"https:\/\/intermediaproducciones.com\/en\/product\/la-partida\/\",\"name\":\"La Partida - Intermedia Producciones\",\"isPartOf\":{\"@id\":\"https:\/\/intermediaproducciones.com\/#website\"},\"primaryImageOfPage\":{\"@id\":\"https:\/\/intermediaproducciones.com\/en\/product\/la-partida\/#primaryimage\"},\"image\":{\"@id\":\"https:\/\/intermediaproducciones.com\/en\/product\/la-partida\/#primaryimage\"},\"thumbnailUrl\":\"https:\/\/intermediaproducciones.com\/wp-content\/uploads\/2018\/08\/CARTELAPARTIDA.jpg\",\"datePublished\":\"2018-08-22T16:44:00+00:00\",\"dateModified\":\"2022-02-10T11:37:57+00:00\",\"breadcrumb\":{\"@id\":\"https:\/\/intermediaproducciones.com\/en\/product\/la-partida\/#breadcrumb\"},\"inLanguage\":\"en-GB\",\"potentialAction\":[{\"@type\":\"ReadAction\",\"target\":[\"https:\/\/intermediaproducciones.com\/en\/product\/la-partida\/\"]}]},{\"@type\":\"ImageObject\",\"inLanguage\":\"en-GB\",\"@id\":\"https:\/\/intermediaproducciones.com\/en\/product\/la-partida\/#primaryimage\",\"url\":\"https:\/\/intermediaproducciones.com\/wp-content\/uploads\/2018\/08\/CARTELAPARTIDA.jpg\",\"contentUrl\":\"https:\/\/intermediaproducciones.com\/wp-content\/uploads\/2018\/08\/CARTELAPARTIDA.jpg\",\"width\":737,\"height\":1020},{\"@type\":\"BreadcrumbList\",\"@id\":\"https:\/\/intermediaproducciones.com\/en\/product\/la-partida\/#breadcrumb\",\"itemListElement\":[{\"@type\":\"ListItem\",\"position\":1,\"name\":\"Portada\",\"item\":\"https:\/\/intermediaproducciones.com\/\"},{\"@type\":\"ListItem\",\"position\":2,\"name\":\"Tienda\",\"item\":\"https:\/\/intermediaproducciones.com\/en\/tienda\/\"},{\"@type\":\"ListItem\",\"position\":3,\"name\":\"La Partida\"}]},{\"@type\":\"WebSite\",\"@id\":\"https:\/\/intermediaproducciones.com\/#website\",\"url\":\"https:\/\/intermediaproducciones.com\/\",\"name\":\"Intermedia Producciones\",\"description\":\"Miradas, Visiones y Realidades\",\"publisher\":{\"@id\":\"https:\/\/intermediaproducciones.com\/#organization\"},\"potentialAction\":[{\"@type\":\"SearchAction\",\"target\":{\"@type\":\"EntryPoint\",\"urlTemplate\":\"https:\/\/intermediaproducciones.com\/?s={search_term_string}\"},\"query-input\":{\"@type\":\"PropertyValueSpecification\",\"valueRequired\":true,\"valueName\":\"search_term_string\"}}],\"inLanguage\":\"en-GB\"},{\"@type\":\"Organization\",\"@id\":\"https:\/\/intermediaproducciones.com\/#organization\",\"name\":\"Intermedia Producciones\",\"url\":\"https:\/\/intermediaproducciones.com\/\",\"logo\":{\"@type\":\"ImageObject\",\"inLanguage\":\"en-GB\",\"@id\":\"https:\/\/intermediaproducciones.com\/#\/schema\/logo\/image\/\",\"url\":\"https:\/\/intermediaproducciones.com\/wp-content\/uploads\/2019\/02\/logo_intermedia.png\",\"contentUrl\":\"https:\/\/intermediaproducciones.com\/wp-content\/uploads\/2019\/02\/logo_intermedia.png\",\"width\":199,\"height\":216,\"caption\":\"Intermedia Producciones\"},\"image\":{\"@id\":\"https:\/\/intermediaproducciones.com\/#\/schema\/logo\/image\/\"},\"sameAs\":[\"https:\/\/www.facebook.com\/ProductoraIntermediaProducciones\",\"https:\/\/vimeo.com\/intermedia\",\"https:\/\/www.youtube.com\/user\/IntermediaProd\",\"https:\/\/www.instagram.com\/intermediaproducciones\/\",\"https:\/\/www.linkedin.com\/company\/intermedia-producciones\/\"]}]}<\/script>\n<!-- \/ Yoast SEO plugin. -->","yoast_head_json":{"title":"La Partida - Intermedia Producciones","robots":{"index":"index","follow":"follow","max-snippet":"max-snippet:-1","max-image-preview":"max-image-preview:large","max-video-preview":"max-video-preview:-1"},"canonical":"https:\/\/intermediaproducciones.com\/en\/product\/la-partida\/","og_locale":"en_GB","og_type":"article","og_title":"La Partida - Intermedia Producciones","og_description":"OCTUBRE 2007 Betacam SP. 60\u2032 Direcci\u00f3n: Mariano Agudo Ayudante de Direcci\u00f3n: Eduardo Montero Producci\u00f3n Ejecutiva: Julio S\u00e1nchez Veiga Sonido: Daniel de Zayas Producci\u00f3n: Mar\u00ed\u00ada Mart\u00ed\u00adn. Miguel Paredes Infograf\u00ed\u00ada y Dise\u00f1o: Joaqu\u00ed\u00adn Le\u00f3n, Mar\u00ed\u00ada Rodr\u00ed\u00adguez Edici\u00f3n: M\u00aa Luz Dom\u00ed\u00adnguez Sinopsis: Tras finalizar la Guerra Civil espa\u00f1ola, miles de combatientes antifascistas partieron a los montes para salvar [&hellip;]","og_url":"https:\/\/intermediaproducciones.com\/en\/product\/la-partida\/","og_site_name":"Intermedia Producciones","article_publisher":"https:\/\/www.facebook.com\/ProductoraIntermediaProducciones","article_modified_time":"2022-02-10T11:37:57+00:00","og_image":[{"width":737,"height":1020,"url":"https:\/\/intermediaproducciones.com\/wp-content\/uploads\/2018\/08\/CARTELAPARTIDA.jpg","type":"image\/jpeg"}],"twitter_card":"summary_large_image","twitter_misc":{"Estimated reading time":"1 minute"},"schema":{"@context":"https:\/\/schema.org","@graph":[{"@type":"WebPage","@id":"https:\/\/intermediaproducciones.com\/en\/product\/la-partida\/","url":"https:\/\/intermediaproducciones.com\/en\/product\/la-partida\/","name":"La Partida - Intermedia Producciones","isPartOf":{"@id":"https:\/\/intermediaproducciones.com\/#website"},"primaryImageOfPage":{"@id":"https:\/\/intermediaproducciones.com\/en\/product\/la-partida\/#primaryimage"},"image":{"@id":"https:\/\/intermediaproducciones.com\/en\/product\/la-partida\/#primaryimage"},"thumbnailUrl":"https:\/\/intermediaproducciones.com\/wp-content\/uploads\/2018\/08\/CARTELAPARTIDA.jpg","datePublished":"2018-08-22T16:44:00+00:00","dateModified":"2022-02-10T11:37:57+00:00","breadcrumb":{"@id":"https:\/\/intermediaproducciones.com\/en\/product\/la-partida\/#breadcrumb"},"inLanguage":"en-GB","potentialAction":[{"@type":"ReadAction","target":["https:\/\/intermediaproducciones.com\/en\/product\/la-partida\/"]}]},{"@type":"ImageObject","inLanguage":"en-GB","@id":"https:\/\/intermediaproducciones.com\/en\/product\/la-partida\/#primaryimage","url":"https:\/\/intermediaproducciones.com\/wp-content\/uploads\/2018\/08\/CARTELAPARTIDA.jpg","contentUrl":"https:\/\/intermediaproducciones.com\/wp-content\/uploads\/2018\/08\/CARTELAPARTIDA.jpg","width":737,"height":1020},{"@type":"BreadcrumbList","@id":"https:\/\/intermediaproducciones.com\/en\/product\/la-partida\/#breadcrumb","itemListElement":[{"@type":"ListItem","position":1,"name":"Portada","item":"https:\/\/intermediaproducciones.com\/"},{"@type":"ListItem","position":2,"name":"Tienda","item":"https:\/\/intermediaproducciones.com\/en\/tienda\/"},{"@type":"ListItem","position":3,"name":"La Partida"}]},{"@type":"WebSite","@id":"https:\/\/intermediaproducciones.com\/#website","url":"https:\/\/intermediaproducciones.com\/","name":"Intermedia Producciones","description":"Miradas, Visiones y Realidades","publisher":{"@id":"https:\/\/intermediaproducciones.com\/#organization"},"potentialAction":[{"@type":"SearchAction","target":{"@type":"EntryPoint","urlTemplate":"https:\/\/intermediaproducciones.com\/?s={search_term_string}"},"query-input":{"@type":"PropertyValueSpecification","valueRequired":true,"valueName":"search_term_string"}}],"inLanguage":"en-GB"},{"@type":"Organization","@id":"https:\/\/intermediaproducciones.com\/#organization","name":"Intermedia Producciones","url":"https:\/\/intermediaproducciones.com\/","logo":{"@type":"ImageObject","inLanguage":"en-GB","@id":"https:\/\/intermediaproducciones.com\/#\/schema\/logo\/image\/","url":"https:\/\/intermediaproducciones.com\/wp-content\/uploads\/2019\/02\/logo_intermedia.png","contentUrl":"https:\/\/intermediaproducciones.com\/wp-content\/uploads\/2019\/02\/logo_intermedia.png","width":199,"height":216,"caption":"Intermedia Producciones"},"image":{"@id":"https:\/\/intermediaproducciones.com\/#\/schema\/logo\/image\/"},"sameAs":["https:\/\/www.facebook.com\/ProductoraIntermediaProducciones","https:\/\/vimeo.com\/intermedia","https:\/\/www.youtube.com\/user\/IntermediaProd","https:\/\/www.instagram.com\/intermediaproducciones\/","https:\/\/www.linkedin.com\/company\/intermedia-producciones\/"]}]}},"_links":{"self":[{"href":"https:\/\/intermediaproducciones.com\/en\/wp-json\/wp\/v2\/product\/2521","targetHints":{"allow":["GET"]}}],"collection":[{"href":"https:\/\/intermediaproducciones.com\/en\/wp-json\/wp\/v2\/product"}],"about":[{"href":"https:\/\/intermediaproducciones.com\/en\/wp-json\/wp\/v2\/types\/product"}],"wp:featuredmedia":[{"embeddable":true,"href":"https:\/\/intermediaproducciones.com\/en\/wp-json\/wp\/v2\/media\/2522"}],"wp:attachment":[{"href":"https:\/\/intermediaproducciones.com\/en\/wp-json\/wp\/v2\/media?parent=2521"}],"wp:term":[{"taxonomy":"product_brand","embeddable":true,"href":"https:\/\/intermediaproducciones.com\/en\/wp-json\/wp\/v2\/product_brand?post=2521"},{"taxonomy":"product_cat","embeddable":true,"href":"https:\/\/intermediaproducciones.com\/en\/wp-json\/wp\/v2\/product_cat?post=2521"},{"taxonomy":"product_tag","embeddable":true,"href":"https:\/\/intermediaproducciones.com\/en\/wp-json\/wp\/v2\/product_tag?post=2521"}],"curies":[{"name":"wp","href":"https:\/\/api.w.org\/{rel}","templated":true}]}}