{"id":2525,"date":"2018-08-22T17:02:11","date_gmt":"2018-08-22T17:02:11","guid":{"rendered":"https:\/\/intermediaproducciones.com\/?post_type=product&#038;p=2525"},"modified":"2022-02-10T11:37:47","modified_gmt":"2022-02-10T11:37:47","slug":"yindabad","status":"publish","type":"product","link":"https:\/\/intermediaproducciones.com\/en\/product\/yindabad\/","title":{"rendered":"Yindabad"},"content":{"rendered":"<p>Documental<br \/>\nDV. 55\u2032. JULIO 2007<\/p>\n<p><strong>Directores:<\/strong> Mariano Agudo, Roi Guiti\u00e1n<br \/>\n<strong>Documentation:<\/strong> Agust\u00ed\u00adn Toranzo<br \/>\n<strong>Productor ejecutivo:<\/strong> Julio S\u00e1nchez Veiga<br \/>\n<strong>Jefes de Producci\u00f3n:<\/strong> Mar\u00ed\u00ada Lobo, Paco Povedano<\/p>\n<div style=\"padding: 56.25% 0 0 0; position: relative;\"><iframe style=\"position: absolute; top: 0; left: 0; width: 100%; height: 100%;\" src=\"https:\/\/player.vimeo.com\/video\/20254260\" frameborder=\"0\" allowfullscreen=\"allowfullscreen\"><\/iframe><\/div>\n<p><script src=\"https:\/\/player.vimeo.com\/api\/player.js\"><\/script><\/p>\n<p><strong>Synopsis:<\/strong> El Plan de Desarrollo para el valle del r\u00edo Narmada en India prev\u00e9 la construcci\u00f3n de 30 presas grandes, 135 medianas y m\u00e1s de 3.000 peque\u00f1as. M\u00e1s de dos millones y medio de personas se ver\u00e1n afectadas, la mayor\u00eda ind\u00edgenas que no s\u00f3lo perder\u00e1n sus casas sino tambi\u00e9n su modo de vida, vi\u00e9ndose forzados a emigrar a los ca\u00f3ticos suburbios de las grandes ciudades. \u00bfEs esta la \u00fanica via para el desarrollo? La situaci\u00f3n en el rio Narmada es un ejemplo de la gran guerra del s.XXI, la guerra por el control del agua y los recursos naturales.<\/p>\n<p>Coproducido por Intermedia Producciones y Producciones Itinerantes<\/p>\n<p><strong>History<\/strong><\/p>\n<p>\u201cPremio \u201cAgua\u201d. XIII Festival Internacional de Cinema e Video Ambiente da Serra da Estrela (Portugal)<\/p>\n<p>Premio de Defensa de los Pueblos Ind\u00ed\u00adgenas. Festival de Cine de los Pueblos Ind\u00edgenas. Bolivia.<\/p>\n<p>Derechos de distribuci\u00f3n internacional adquiridos por Documentary Educational Resources, Inc. Massachussets. Estados Unidos.Documentary<br \/>\nDV. 55\u2032. JULY 2007<\/p>\n<p><strong>Directed by:<\/strong> Mariano Agudo, Roi Guiti\u00e1n<br \/>\n<strong>Research:<\/strong> Agust\u00ed\u00adn Toranzo<br \/>\n<strong>Executive Producer:<\/strong> Julio S\u00e1nchez Veiga<br \/>\n<strong>Producer:<\/strong> Mar\u00ed\u00ada Lobo, Paco Povedano<\/p>\n<div style=\"padding: 56.25% 0 0 0; position: relative;\"><iframe style=\"position: absolute; top: 0; left: 0; width: 100%; height: 100%;\" src=\"https:\/\/player.vimeo.com\/video\/20254260\" frameborder=\"0\" allowfullscreen=\"allowfullscreen\"><\/iframe><\/div>\n<p><script src=\"https:\/\/player.vimeo.com\/api\/player.js\"><\/script><\/p>\n<p><strong>Synopsis:<\/strong> The Development Project for the River Narmada Valley in India envisages the construction of 30 large dams, 135 medium and more than 3000 small dams. This will affect more than two and a half million people, mostly indigenous that not only will lose their homes but also their way of life, being forced to migrate to chaotic slums in large cities. Is this the only way for development? The situation in the Narmada river is an example of the great war of the 21st century:the control of water and natural resources.<\/p>\n<p>Co-produced by: Intermedia Producciones, Producciones Itinerantes<\/p>\n<p><strong>Achievements<\/strong><\/p>\n<p>\u201cAgua\u201d Award. XIII Festival Internacional de Cinema e Video Ambiente da Serra da Estrela (Portugal)<\/p>\n<p>\u00abDefensa de los Pueblos Ind\u00ed\u00adgenas\u00bb Award. Indigenous People International Film Festival. Bolivia.<\/p>\n<p>International distribution rights acquired by Documentary Educational Resources, Inc. Massachussets. Estados Unidos.<\/p>","protected":false},"excerpt":{"rendered":"<p>Documental DV. 55\u2032. JULIO 2007 Directores: Mariano Agudo, Roi Guiti\u00e1n Documentaci\u00f3n: Agust\u00ed\u00adn Toranzo Productor ejecutivo: Julio S\u00e1nchez Veiga Jefes de Producci\u00f3n: Mar\u00ed\u00ada Lobo, Paco Povedano Sinopsis: El Plan de Desarrollo para el valle del r\u00edo Narmada en India prev\u00e9 la construcci\u00f3n de 30 presas grandes, 135 medianas y m\u00e1s de 3.000 peque\u00f1as. M\u00e1s de dos [&hellip;]<\/p>","protected":false},"featured_media":2526,"template":"","meta":{"_acf_changed":false},"product_brand":[],"product_cat":[422],"product_tag":[493,2506,2505],"class_list":{"0":"post-2525","1":"product","2":"type-product","3":"status-publish","4":"has-post-thumbnail","6":"product_cat-productos","7":"product_tag-documental","8":"product_tag-india","9":"product_tag-yindabad","11":"first","12":"instock","13":"taxable","14":"shipping-taxable","15":"purchasable","16":"product-type-simple"},"acf":[],"yoast_head":"<!-- This site is optimized with the Yoast SEO plugin v25.3.1 - https:\/\/yoast.com\/wordpress\/plugins\/seo\/ -->\n<title>Yindabad - Intermedia Producciones<\/title>\n<meta name=\"robots\" content=\"index, follow, max-snippet:-1, max-image-preview:large, max-video-preview:-1\" \/>\n<link rel=\"canonical\" href=\"https:\/\/intermediaproducciones.com\/en\/product\/yindabad\/\" \/>\n<meta property=\"og:locale\" content=\"en_GB\" \/>\n<meta property=\"og:type\" content=\"article\" \/>\n<meta property=\"og:title\" content=\"Yindabad - Intermedia Producciones\" \/>\n<meta property=\"og:description\" content=\"Documental DV. 55\u2032. JULIO 2007 Directores: Mariano Agudo, Roi Guiti\u00e1n Documentaci\u00f3n: Agust\u00ed\u00adn Toranzo Productor ejecutivo: Julio S\u00e1nchez Veiga Jefes de Producci\u00f3n: Mar\u00ed\u00ada Lobo, Paco Povedano Sinopsis: El Plan de Desarrollo para el valle del r\u00edo Narmada en India prev\u00e9 la construcci\u00f3n de 30 presas grandes, 135 medianas y m\u00e1s de 3.000 peque\u00f1as. M\u00e1s de dos [&hellip;]\" \/>\n<meta property=\"og:url\" content=\"https:\/\/intermediaproducciones.com\/en\/product\/yindabad\/\" \/>\n<meta property=\"og:site_name\" content=\"Intermedia Producciones\" \/>\n<meta property=\"article:publisher\" content=\"https:\/\/www.facebook.com\/ProductoraIntermediaProducciones\" \/>\n<meta property=\"article:modified_time\" content=\"2022-02-10T11:37:47+00:00\" \/>\n<meta property=\"og:image\" content=\"https:\/\/intermediaproducciones.com\/wp-content\/uploads\/2018\/08\/yindabad.jpg\" \/>\n\t<meta property=\"og:image:width\" content=\"590\" \/>\n\t<meta property=\"og:image:height\" content=\"823\" \/>\n\t<meta property=\"og:image:type\" content=\"image\/jpeg\" \/>\n<meta name=\"twitter:card\" content=\"summary_large_image\" \/>\n<meta name=\"twitter:label1\" content=\"Estimated reading time\" \/>\n\t<meta name=\"twitter:data1\" content=\"2 minutes\" \/>\n<script type=\"application\/ld+json\" class=\"yoast-schema-graph\">{\"@context\":\"https:\/\/schema.org\",\"@graph\":[{\"@type\":\"WebPage\",\"@id\":\"https:\/\/intermediaproducciones.com\/en\/product\/yindabad\/\",\"url\":\"https:\/\/intermediaproducciones.com\/en\/product\/yindabad\/\",\"name\":\"Yindabad - Intermedia Producciones\",\"isPartOf\":{\"@id\":\"https:\/\/intermediaproducciones.com\/#website\"},\"primaryImageOfPage\":{\"@id\":\"https:\/\/intermediaproducciones.com\/en\/product\/yindabad\/#primaryimage\"},\"image\":{\"@id\":\"https:\/\/intermediaproducciones.com\/en\/product\/yindabad\/#primaryimage\"},\"thumbnailUrl\":\"https:\/\/intermediaproducciones.com\/wp-content\/uploads\/2018\/08\/yindabad.jpg\",\"datePublished\":\"2018-08-22T17:02:11+00:00\",\"dateModified\":\"2022-02-10T11:37:47+00:00\",\"breadcrumb\":{\"@id\":\"https:\/\/intermediaproducciones.com\/en\/product\/yindabad\/#breadcrumb\"},\"inLanguage\":\"en-GB\",\"potentialAction\":[{\"@type\":\"ReadAction\",\"target\":[\"https:\/\/intermediaproducciones.com\/en\/product\/yindabad\/\"]}]},{\"@type\":\"ImageObject\",\"inLanguage\":\"en-GB\",\"@id\":\"https:\/\/intermediaproducciones.com\/en\/product\/yindabad\/#primaryimage\",\"url\":\"https:\/\/intermediaproducciones.com\/wp-content\/uploads\/2018\/08\/yindabad.jpg\",\"contentUrl\":\"https:\/\/intermediaproducciones.com\/wp-content\/uploads\/2018\/08\/yindabad.jpg\",\"width\":590,\"height\":823},{\"@type\":\"BreadcrumbList\",\"@id\":\"https:\/\/intermediaproducciones.com\/en\/product\/yindabad\/#breadcrumb\",\"itemListElement\":[{\"@type\":\"ListItem\",\"position\":1,\"name\":\"Portada\",\"item\":\"https:\/\/intermediaproducciones.com\/\"},{\"@type\":\"ListItem\",\"position\":2,\"name\":\"Tienda\",\"item\":\"https:\/\/intermediaproducciones.com\/en\/tienda\/\"},{\"@type\":\"ListItem\",\"position\":3,\"name\":\"Yindabad\"}]},{\"@type\":\"WebSite\",\"@id\":\"https:\/\/intermediaproducciones.com\/#website\",\"url\":\"https:\/\/intermediaproducciones.com\/\",\"name\":\"Intermedia Producciones\",\"description\":\"Miradas, Visiones y Realidades\",\"publisher\":{\"@id\":\"https:\/\/intermediaproducciones.com\/#organization\"},\"potentialAction\":[{\"@type\":\"SearchAction\",\"target\":{\"@type\":\"EntryPoint\",\"urlTemplate\":\"https:\/\/intermediaproducciones.com\/?s={search_term_string}\"},\"query-input\":{\"@type\":\"PropertyValueSpecification\",\"valueRequired\":true,\"valueName\":\"search_term_string\"}}],\"inLanguage\":\"en-GB\"},{\"@type\":\"Organization\",\"@id\":\"https:\/\/intermediaproducciones.com\/#organization\",\"name\":\"Intermedia Producciones\",\"url\":\"https:\/\/intermediaproducciones.com\/\",\"logo\":{\"@type\":\"ImageObject\",\"inLanguage\":\"en-GB\",\"@id\":\"https:\/\/intermediaproducciones.com\/#\/schema\/logo\/image\/\",\"url\":\"https:\/\/intermediaproducciones.com\/wp-content\/uploads\/2019\/02\/logo_intermedia.png\",\"contentUrl\":\"https:\/\/intermediaproducciones.com\/wp-content\/uploads\/2019\/02\/logo_intermedia.png\",\"width\":199,\"height\":216,\"caption\":\"Intermedia Producciones\"},\"image\":{\"@id\":\"https:\/\/intermediaproducciones.com\/#\/schema\/logo\/image\/\"},\"sameAs\":[\"https:\/\/www.facebook.com\/ProductoraIntermediaProducciones\",\"https:\/\/vimeo.com\/intermedia\",\"https:\/\/www.youtube.com\/user\/IntermediaProd\",\"https:\/\/www.instagram.com\/intermediaproducciones\/\",\"https:\/\/www.linkedin.com\/company\/intermedia-producciones\/\"]}]}<\/script>\n<!-- \/ Yoast SEO plugin. -->","yoast_head_json":{"title":"Yindabad - Intermedia Producciones","robots":{"index":"index","follow":"follow","max-snippet":"max-snippet:-1","max-image-preview":"max-image-preview:large","max-video-preview":"max-video-preview:-1"},"canonical":"https:\/\/intermediaproducciones.com\/en\/product\/yindabad\/","og_locale":"en_GB","og_type":"article","og_title":"Yindabad - Intermedia Producciones","og_description":"Documental DV. 55\u2032. JULIO 2007 Directores: Mariano Agudo, Roi Guiti\u00e1n Documentaci\u00f3n: Agust\u00ed\u00adn Toranzo Productor ejecutivo: Julio S\u00e1nchez Veiga Jefes de Producci\u00f3n: Mar\u00ed\u00ada Lobo, Paco Povedano Sinopsis: El Plan de Desarrollo para el valle del r\u00edo Narmada en India prev\u00e9 la construcci\u00f3n de 30 presas grandes, 135 medianas y m\u00e1s de 3.000 peque\u00f1as. M\u00e1s de dos [&hellip;]","og_url":"https:\/\/intermediaproducciones.com\/en\/product\/yindabad\/","og_site_name":"Intermedia Producciones","article_publisher":"https:\/\/www.facebook.com\/ProductoraIntermediaProducciones","article_modified_time":"2022-02-10T11:37:47+00:00","og_image":[{"width":590,"height":823,"url":"https:\/\/intermediaproducciones.com\/wp-content\/uploads\/2018\/08\/yindabad.jpg","type":"image\/jpeg"}],"twitter_card":"summary_large_image","twitter_misc":{"Estimated reading time":"2 minutes"},"schema":{"@context":"https:\/\/schema.org","@graph":[{"@type":"WebPage","@id":"https:\/\/intermediaproducciones.com\/en\/product\/yindabad\/","url":"https:\/\/intermediaproducciones.com\/en\/product\/yindabad\/","name":"Yindabad - Intermedia Producciones","isPartOf":{"@id":"https:\/\/intermediaproducciones.com\/#website"},"primaryImageOfPage":{"@id":"https:\/\/intermediaproducciones.com\/en\/product\/yindabad\/#primaryimage"},"image":{"@id":"https:\/\/intermediaproducciones.com\/en\/product\/yindabad\/#primaryimage"},"thumbnailUrl":"https:\/\/intermediaproducciones.com\/wp-content\/uploads\/2018\/08\/yindabad.jpg","datePublished":"2018-08-22T17:02:11+00:00","dateModified":"2022-02-10T11:37:47+00:00","breadcrumb":{"@id":"https:\/\/intermediaproducciones.com\/en\/product\/yindabad\/#breadcrumb"},"inLanguage":"en-GB","potentialAction":[{"@type":"ReadAction","target":["https:\/\/intermediaproducciones.com\/en\/product\/yindabad\/"]}]},{"@type":"ImageObject","inLanguage":"en-GB","@id":"https:\/\/intermediaproducciones.com\/en\/product\/yindabad\/#primaryimage","url":"https:\/\/intermediaproducciones.com\/wp-content\/uploads\/2018\/08\/yindabad.jpg","contentUrl":"https:\/\/intermediaproducciones.com\/wp-content\/uploads\/2018\/08\/yindabad.jpg","width":590,"height":823},{"@type":"BreadcrumbList","@id":"https:\/\/intermediaproducciones.com\/en\/product\/yindabad\/#breadcrumb","itemListElement":[{"@type":"ListItem","position":1,"name":"Portada","item":"https:\/\/intermediaproducciones.com\/"},{"@type":"ListItem","position":2,"name":"Tienda","item":"https:\/\/intermediaproducciones.com\/en\/tienda\/"},{"@type":"ListItem","position":3,"name":"Yindabad"}]},{"@type":"WebSite","@id":"https:\/\/intermediaproducciones.com\/#website","url":"https:\/\/intermediaproducciones.com\/","name":"Intermedia Producciones","description":"Miradas, Visiones y Realidades","publisher":{"@id":"https:\/\/intermediaproducciones.com\/#organization"},"potentialAction":[{"@type":"SearchAction","target":{"@type":"EntryPoint","urlTemplate":"https:\/\/intermediaproducciones.com\/?s={search_term_string}"},"query-input":{"@type":"PropertyValueSpecification","valueRequired":true,"valueName":"search_term_string"}}],"inLanguage":"en-GB"},{"@type":"Organization","@id":"https:\/\/intermediaproducciones.com\/#organization","name":"Intermedia Producciones","url":"https:\/\/intermediaproducciones.com\/","logo":{"@type":"ImageObject","inLanguage":"en-GB","@id":"https:\/\/intermediaproducciones.com\/#\/schema\/logo\/image\/","url":"https:\/\/intermediaproducciones.com\/wp-content\/uploads\/2019\/02\/logo_intermedia.png","contentUrl":"https:\/\/intermediaproducciones.com\/wp-content\/uploads\/2019\/02\/logo_intermedia.png","width":199,"height":216,"caption":"Intermedia Producciones"},"image":{"@id":"https:\/\/intermediaproducciones.com\/#\/schema\/logo\/image\/"},"sameAs":["https:\/\/www.facebook.com\/ProductoraIntermediaProducciones","https:\/\/vimeo.com\/intermedia","https:\/\/www.youtube.com\/user\/IntermediaProd","https:\/\/www.instagram.com\/intermediaproducciones\/","https:\/\/www.linkedin.com\/company\/intermedia-producciones\/"]}]}},"_links":{"self":[{"href":"https:\/\/intermediaproducciones.com\/en\/wp-json\/wp\/v2\/product\/2525","targetHints":{"allow":["GET"]}}],"collection":[{"href":"https:\/\/intermediaproducciones.com\/en\/wp-json\/wp\/v2\/product"}],"about":[{"href":"https:\/\/intermediaproducciones.com\/en\/wp-json\/wp\/v2\/types\/product"}],"wp:featuredmedia":[{"embeddable":true,"href":"https:\/\/intermediaproducciones.com\/en\/wp-json\/wp\/v2\/media\/2526"}],"wp:attachment":[{"href":"https:\/\/intermediaproducciones.com\/en\/wp-json\/wp\/v2\/media?parent=2525"}],"wp:term":[{"taxonomy":"product_brand","embeddable":true,"href":"https:\/\/intermediaproducciones.com\/en\/wp-json\/wp\/v2\/product_brand?post=2525"},{"taxonomy":"product_cat","embeddable":true,"href":"https:\/\/intermediaproducciones.com\/en\/wp-json\/wp\/v2\/product_cat?post=2525"},{"taxonomy":"product_tag","embeddable":true,"href":"https:\/\/intermediaproducciones.com\/en\/wp-json\/wp\/v2\/product_tag?post=2525"}],"curies":[{"name":"wp","href":"https:\/\/api.w.org\/{rel}","templated":true}]}}