{"id":2536,"date":"2018-08-24T09:10:06","date_gmt":"2018-08-24T09:10:06","guid":{"rendered":"https:\/\/intermediaproducciones.com\/?post_type=product&#038;p=2536"},"modified":"2022-02-10T11:40:10","modified_gmt":"2022-02-10T11:40:10","slug":"english-boliviana","status":"publish","type":"product","link":"https:\/\/intermediaproducciones.com\/en\/product\/english-boliviana\/","title":{"rendered":"Bolivian Women"},"content":{"rendered":"<p>Documental<br \/>\nHD. 54\u2032. 2015<\/p>\n<p><strong>Director:<\/strong> Mariano Agudo<br \/>\n<strong>Producci\u00f3n Ejecutiva:<\/strong> Miguel Paredes, Mariano Agudo<br \/>\n<strong>Music:<\/strong> Enrique de Justo, Coco Carmona<br \/>\n<strong>Montage:<\/strong> Fabiola Sialer, Andr\u00e9s Zoilo<br \/>\n<strong>Script:<\/strong> Chaska Mori, Mariano Agudo<br \/>\n<strong>Postproducci\u00f3n Sonido:<\/strong> Carlos P\u00e9rez<br \/>\n<strong>Grafismo:<\/strong> Kiko Romero<br \/>\n<strong>Copia Digital Cine:<\/strong> Guillermo Marrufo<\/p>\n<div style=\"padding: 56.25% 0 0 0; position: relative;\"><iframe style=\"position: absolute; top: 0; left: 0; width: 100%; height: 100%;\" src=\"https:\/\/player.vimeo.com\/video\/144107522\" frameborder=\"0\" allowfullscreen=\"allowfullscreen\"><\/iframe><\/div>\n<p><script src=\"https:\/\/player.vimeo.com\/api\/player.js\"><\/script><\/p>\n<p><strong>Synopsis:<\/strong><br \/>\nUna mujer se interna cada d\u00ed\u00ada a 100 metros de profundidad para sobrevivir.<br \/>\nUna chica usa el hip-hop como herramienta para el cambio social.<br \/>\nUna anarquista se presenta a las elecciones.<br \/>\nUna ni\u00f1a cubre su rostro para no ser reconocida mientras trabaja.<br \/>\nCuatro mujeres, cuatro historias , un pa\u00ed\u00ads que lucha por cambiar su destino: Bolivia.Documentary<br \/>\nHD. 54\u2032. 2015<\/p>\n<p><strong>Directed by:<\/strong> Mariano Agudo<br \/>\n<strong>Executive Producer:<\/strong> Miguel Paredes, Mariano Agudo<br \/>\n<strong>Music:<\/strong> Enrique de Justo, Coco Carmona<br \/>\n<strong>Editor:<\/strong> Fabiola Sialer, Andr\u00e9s Zoilo<br \/>\n<strong>Script:<\/strong> Chaska Mori, Mariano Agudo<br \/>\n<strong>Sound Editor:<\/strong> Carlos P\u00e9rez<br \/>\n<strong>Visual Effects:<\/strong> Kiko Romero<br \/>\n<strong>Digital Copy:<\/strong> Guillermo Marrufo<\/p>\n<div style=\"padding: 56.25% 0 0 0; position: relative;\"><iframe style=\"position: absolute; top: 0; left: 0; width: 100%; height: 100%;\" src=\"https:\/\/player.vimeo.com\/video\/144107522\" frameborder=\"0\" allowfullscreen=\"allowfullscreen\"><\/iframe><\/div>\n<p><script src=\"https:\/\/player.vimeo.com\/api\/player.js\"><\/script><\/p>\n<p><strong>Synopsis:<\/strong><br \/>\nA woman goes everyday 100 m (328 feet) below ground level to survive.<br \/>\nA girl uses hip hop as a tool for social change.<br \/>\nAn anarchist woman stands for election.<br \/>\nA girl covers her face to avoid being recognized while working.<br \/>\nFour women, four stories, a country struggling to change its fate: Bolivia.<\/p>","protected":false},"excerpt":{"rendered":"<p>Documental HD. 54\u2032. 2015 Direcci\u00f3n: Mariano Agudo Producci\u00f3n Ejecutiva: Miguel Paredes, Mariano Agudo M\u00fasica: Enrique de Justo, Coco Carmona Montaje: Fabiola Sialer, Andr\u00e9s Zoilo Gui\u00f3n: Chaska Mori, Mariano Agudo Postproducci\u00f3n Sonido: Carlos P\u00e9rez Grafismo: Kiko Romero Copia Digital Cine: Guillermo Marrufo Sinopsis: Una mujer se interna cada d\u00ed\u00ada a 100 metros de profundidad para sobrevivir. [&hellip;]<\/p>","protected":false},"featured_media":2537,"template":"","meta":{"_acf_changed":false},"product_brand":[],"product_cat":[422],"product_tag":[2523,2522,493,2524],"class_list":{"0":"post-2536","1":"product","2":"type-product","3":"status-publish","4":"has-post-thumbnail","6":"product_cat-productos","7":"product_tag-bolivia","8":"product_tag-boliviana","9":"product_tag-documental","10":"product_tag-mujeres","12":"first","13":"outofstock","14":"taxable","15":"shipping-taxable","16":"product-type-simple"},"acf":[],"yoast_head":"<!-- This site is optimized with the Yoast SEO plugin v25.3.1 - https:\/\/yoast.com\/wordpress\/plugins\/seo\/ -->\n<title>Boliviana - Intermedia Producciones<\/title>\n<meta name=\"robots\" content=\"index, follow, max-snippet:-1, max-image-preview:large, max-video-preview:-1\" \/>\n<link rel=\"canonical\" href=\"https:\/\/intermediaproducciones.com\/en\/product\/english-boliviana\/\" \/>\n<meta property=\"og:locale\" content=\"en_GB\" \/>\n<meta property=\"og:type\" content=\"article\" \/>\n<meta property=\"og:title\" content=\"Boliviana - Intermedia Producciones\" \/>\n<meta property=\"og:description\" content=\"Documental HD. 54\u2032. 2015 Direcci\u00f3n: Mariano Agudo Producci\u00f3n Ejecutiva: Miguel Paredes, Mariano Agudo M\u00fasica: Enrique de Justo, Coco Carmona Montaje: Fabiola Sialer, Andr\u00e9s Zoilo Gui\u00f3n: Chaska Mori, Mariano Agudo Postproducci\u00f3n Sonido: Carlos P\u00e9rez Grafismo: Kiko Romero Copia Digital Cine: Guillermo Marrufo Sinopsis: Una mujer se interna cada d\u00ed\u00ada a 100 metros de profundidad para sobrevivir. [&hellip;]\" \/>\n<meta property=\"og:url\" content=\"https:\/\/intermediaproducciones.com\/en\/product\/english-boliviana\/\" \/>\n<meta property=\"og:site_name\" content=\"Intermedia Producciones\" \/>\n<meta property=\"article:publisher\" content=\"https:\/\/www.facebook.com\/ProductoraIntermediaProducciones\" \/>\n<meta property=\"article:modified_time\" content=\"2022-02-10T11:40:10+00:00\" \/>\n<meta property=\"og:image\" content=\"https:\/\/intermediaproducciones.com\/wp-content\/uploads\/2018\/08\/BOLIVIANA_cartel_internet.png\" \/>\n\t<meta property=\"og:image:width\" content=\"690\" \/>\n\t<meta property=\"og:image:height\" content=\"991\" \/>\n\t<meta property=\"og:image:type\" content=\"image\/png\" \/>\n<meta name=\"twitter:card\" content=\"summary_large_image\" \/>\n<meta name=\"twitter:label1\" content=\"Estimated reading time\" \/>\n\t<meta name=\"twitter:data1\" content=\"1 minute\" \/>\n<script type=\"application\/ld+json\" class=\"yoast-schema-graph\">{\"@context\":\"https:\/\/schema.org\",\"@graph\":[{\"@type\":\"WebPage\",\"@id\":\"https:\/\/intermediaproducciones.com\/producto\/english-boliviana\/\",\"url\":\"https:\/\/intermediaproducciones.com\/producto\/english-boliviana\/\",\"name\":\"Boliviana - Intermedia Producciones\",\"isPartOf\":{\"@id\":\"https:\/\/intermediaproducciones.com\/#website\"},\"primaryImageOfPage\":{\"@id\":\"https:\/\/intermediaproducciones.com\/producto\/english-boliviana\/#primaryimage\"},\"image\":{\"@id\":\"https:\/\/intermediaproducciones.com\/producto\/english-boliviana\/#primaryimage\"},\"thumbnailUrl\":\"https:\/\/intermediaproducciones.com\/wp-content\/uploads\/2018\/08\/BOLIVIANA_cartel_internet.png\",\"datePublished\":\"2018-08-24T09:10:06+00:00\",\"dateModified\":\"2022-02-10T11:40:10+00:00\",\"breadcrumb\":{\"@id\":\"https:\/\/intermediaproducciones.com\/producto\/english-boliviana\/#breadcrumb\"},\"inLanguage\":\"en-GB\",\"potentialAction\":[{\"@type\":\"ReadAction\",\"target\":[\"https:\/\/intermediaproducciones.com\/producto\/english-boliviana\/\"]}]},{\"@type\":\"ImageObject\",\"inLanguage\":\"en-GB\",\"@id\":\"https:\/\/intermediaproducciones.com\/producto\/english-boliviana\/#primaryimage\",\"url\":\"https:\/\/intermediaproducciones.com\/wp-content\/uploads\/2018\/08\/BOLIVIANA_cartel_internet.png\",\"contentUrl\":\"https:\/\/intermediaproducciones.com\/wp-content\/uploads\/2018\/08\/BOLIVIANA_cartel_internet.png\",\"width\":690,\"height\":991},{\"@type\":\"BreadcrumbList\",\"@id\":\"https:\/\/intermediaproducciones.com\/producto\/english-boliviana\/#breadcrumb\",\"itemListElement\":[{\"@type\":\"ListItem\",\"position\":1,\"name\":\"Portada\",\"item\":\"https:\/\/intermediaproducciones.com\/\"},{\"@type\":\"ListItem\",\"position\":2,\"name\":\"Tienda\",\"item\":\"https:\/\/intermediaproducciones.com\/en\/tienda\/\"},{\"@type\":\"ListItem\",\"position\":3,\"name\":\"Boliviana\"}]},{\"@type\":\"WebSite\",\"@id\":\"https:\/\/intermediaproducciones.com\/#website\",\"url\":\"https:\/\/intermediaproducciones.com\/\",\"name\":\"Intermedia Producciones\",\"description\":\"Miradas, Visiones y Realidades\",\"publisher\":{\"@id\":\"https:\/\/intermediaproducciones.com\/#organization\"},\"potentialAction\":[{\"@type\":\"SearchAction\",\"target\":{\"@type\":\"EntryPoint\",\"urlTemplate\":\"https:\/\/intermediaproducciones.com\/?s={search_term_string}\"},\"query-input\":{\"@type\":\"PropertyValueSpecification\",\"valueRequired\":true,\"valueName\":\"search_term_string\"}}],\"inLanguage\":\"en-GB\"},{\"@type\":\"Organization\",\"@id\":\"https:\/\/intermediaproducciones.com\/#organization\",\"name\":\"Intermedia Producciones\",\"url\":\"https:\/\/intermediaproducciones.com\/\",\"logo\":{\"@type\":\"ImageObject\",\"inLanguage\":\"en-GB\",\"@id\":\"https:\/\/intermediaproducciones.com\/#\/schema\/logo\/image\/\",\"url\":\"https:\/\/intermediaproducciones.com\/wp-content\/uploads\/2019\/02\/logo_intermedia.png\",\"contentUrl\":\"https:\/\/intermediaproducciones.com\/wp-content\/uploads\/2019\/02\/logo_intermedia.png\",\"width\":199,\"height\":216,\"caption\":\"Intermedia Producciones\"},\"image\":{\"@id\":\"https:\/\/intermediaproducciones.com\/#\/schema\/logo\/image\/\"},\"sameAs\":[\"https:\/\/www.facebook.com\/ProductoraIntermediaProducciones\",\"https:\/\/vimeo.com\/intermedia\",\"https:\/\/www.youtube.com\/user\/IntermediaProd\",\"https:\/\/www.instagram.com\/intermediaproducciones\/\",\"https:\/\/www.linkedin.com\/company\/intermedia-producciones\/\"]}]}<\/script>\n<!-- \/ Yoast SEO plugin. -->","yoast_head_json":{"title":"Boliviana - Intermedia Producciones","robots":{"index":"index","follow":"follow","max-snippet":"max-snippet:-1","max-image-preview":"max-image-preview:large","max-video-preview":"max-video-preview:-1"},"canonical":"https:\/\/intermediaproducciones.com\/en\/product\/english-boliviana\/","og_locale":"en_GB","og_type":"article","og_title":"Boliviana - Intermedia Producciones","og_description":"Documental HD. 54\u2032. 2015 Direcci\u00f3n: Mariano Agudo Producci\u00f3n Ejecutiva: Miguel Paredes, Mariano Agudo M\u00fasica: Enrique de Justo, Coco Carmona Montaje: Fabiola Sialer, Andr\u00e9s Zoilo Gui\u00f3n: Chaska Mori, Mariano Agudo Postproducci\u00f3n Sonido: Carlos P\u00e9rez Grafismo: Kiko Romero Copia Digital Cine: Guillermo Marrufo Sinopsis: Una mujer se interna cada d\u00ed\u00ada a 100 metros de profundidad para sobrevivir. [&hellip;]","og_url":"https:\/\/intermediaproducciones.com\/en\/product\/english-boliviana\/","og_site_name":"Intermedia Producciones","article_publisher":"https:\/\/www.facebook.com\/ProductoraIntermediaProducciones","article_modified_time":"2022-02-10T11:40:10+00:00","og_image":[{"width":690,"height":991,"url":"https:\/\/intermediaproducciones.com\/wp-content\/uploads\/2018\/08\/BOLIVIANA_cartel_internet.png","type":"image\/png"}],"twitter_card":"summary_large_image","twitter_misc":{"Estimated reading time":"1 minute"},"schema":{"@context":"https:\/\/schema.org","@graph":[{"@type":"WebPage","@id":"https:\/\/intermediaproducciones.com\/producto\/english-boliviana\/","url":"https:\/\/intermediaproducciones.com\/producto\/english-boliviana\/","name":"Boliviana - Intermedia Producciones","isPartOf":{"@id":"https:\/\/intermediaproducciones.com\/#website"},"primaryImageOfPage":{"@id":"https:\/\/intermediaproducciones.com\/producto\/english-boliviana\/#primaryimage"},"image":{"@id":"https:\/\/intermediaproducciones.com\/producto\/english-boliviana\/#primaryimage"},"thumbnailUrl":"https:\/\/intermediaproducciones.com\/wp-content\/uploads\/2018\/08\/BOLIVIANA_cartel_internet.png","datePublished":"2018-08-24T09:10:06+00:00","dateModified":"2022-02-10T11:40:10+00:00","breadcrumb":{"@id":"https:\/\/intermediaproducciones.com\/producto\/english-boliviana\/#breadcrumb"},"inLanguage":"en-GB","potentialAction":[{"@type":"ReadAction","target":["https:\/\/intermediaproducciones.com\/producto\/english-boliviana\/"]}]},{"@type":"ImageObject","inLanguage":"en-GB","@id":"https:\/\/intermediaproducciones.com\/producto\/english-boliviana\/#primaryimage","url":"https:\/\/intermediaproducciones.com\/wp-content\/uploads\/2018\/08\/BOLIVIANA_cartel_internet.png","contentUrl":"https:\/\/intermediaproducciones.com\/wp-content\/uploads\/2018\/08\/BOLIVIANA_cartel_internet.png","width":690,"height":991},{"@type":"BreadcrumbList","@id":"https:\/\/intermediaproducciones.com\/producto\/english-boliviana\/#breadcrumb","itemListElement":[{"@type":"ListItem","position":1,"name":"Portada","item":"https:\/\/intermediaproducciones.com\/"},{"@type":"ListItem","position":2,"name":"Tienda","item":"https:\/\/intermediaproducciones.com\/en\/tienda\/"},{"@type":"ListItem","position":3,"name":"Boliviana"}]},{"@type":"WebSite","@id":"https:\/\/intermediaproducciones.com\/#website","url":"https:\/\/intermediaproducciones.com\/","name":"Intermedia Producciones","description":"Miradas, Visiones y Realidades","publisher":{"@id":"https:\/\/intermediaproducciones.com\/#organization"},"potentialAction":[{"@type":"SearchAction","target":{"@type":"EntryPoint","urlTemplate":"https:\/\/intermediaproducciones.com\/?s={search_term_string}"},"query-input":{"@type":"PropertyValueSpecification","valueRequired":true,"valueName":"search_term_string"}}],"inLanguage":"en-GB"},{"@type":"Organization","@id":"https:\/\/intermediaproducciones.com\/#organization","name":"Intermedia Producciones","url":"https:\/\/intermediaproducciones.com\/","logo":{"@type":"ImageObject","inLanguage":"en-GB","@id":"https:\/\/intermediaproducciones.com\/#\/schema\/logo\/image\/","url":"https:\/\/intermediaproducciones.com\/wp-content\/uploads\/2019\/02\/logo_intermedia.png","contentUrl":"https:\/\/intermediaproducciones.com\/wp-content\/uploads\/2019\/02\/logo_intermedia.png","width":199,"height":216,"caption":"Intermedia Producciones"},"image":{"@id":"https:\/\/intermediaproducciones.com\/#\/schema\/logo\/image\/"},"sameAs":["https:\/\/www.facebook.com\/ProductoraIntermediaProducciones","https:\/\/vimeo.com\/intermedia","https:\/\/www.youtube.com\/user\/IntermediaProd","https:\/\/www.instagram.com\/intermediaproducciones\/","https:\/\/www.linkedin.com\/company\/intermedia-producciones\/"]}]}},"_links":{"self":[{"href":"https:\/\/intermediaproducciones.com\/en\/wp-json\/wp\/v2\/product\/2536","targetHints":{"allow":["GET"]}}],"collection":[{"href":"https:\/\/intermediaproducciones.com\/en\/wp-json\/wp\/v2\/product"}],"about":[{"href":"https:\/\/intermediaproducciones.com\/en\/wp-json\/wp\/v2\/types\/product"}],"wp:featuredmedia":[{"embeddable":true,"href":"https:\/\/intermediaproducciones.com\/en\/wp-json\/wp\/v2\/media\/2537"}],"wp:attachment":[{"href":"https:\/\/intermediaproducciones.com\/en\/wp-json\/wp\/v2\/media?parent=2536"}],"wp:term":[{"taxonomy":"product_brand","embeddable":true,"href":"https:\/\/intermediaproducciones.com\/en\/wp-json\/wp\/v2\/product_brand?post=2536"},{"taxonomy":"product_cat","embeddable":true,"href":"https:\/\/intermediaproducciones.com\/en\/wp-json\/wp\/v2\/product_cat?post=2536"},{"taxonomy":"product_tag","embeddable":true,"href":"https:\/\/intermediaproducciones.com\/en\/wp-json\/wp\/v2\/product_tag?post=2536"}],"curies":[{"name":"wp","href":"https:\/\/api.w.org\/{rel}","templated":true}]}}