{"id":2538,"date":"2018-08-24T09:19:08","date_gmt":"2018-08-24T09:19:08","guid":{"rendered":"https:\/\/intermediaproducciones.com\/?post_type=product&#038;p=2538"},"modified":"2022-02-10T11:37:17","modified_gmt":"2022-02-10T11:37:17","slug":"samba-un-nombre-borrado","status":"publish","type":"product","link":"https:\/\/intermediaproducciones.com\/en\/product\/samba-un-nombre-borrado\/","title":{"rendered":"Samba, un Nombre Borrado"},"content":{"rendered":"<p>Documental.<br \/>\nHD. 70\u2032. OCTUBRE 2017<\/p>\n<p><strong>Director:<\/strong> Mariano Agudo<br \/>\n<strong>Script:<\/strong> Mahmoud Traor\u00e9, Mariano Agudo<br \/>\n<strong>Fotograf\u00eda y C\u00e1mara:<\/strong> Mariano Agudo, Eduardo Montero<br \/>\n<strong>Sound:<\/strong> Daniel de Zayas<br \/>\n<strong>Montage:<\/strong> Kiko Romero<br \/>\n<strong>Producci\u00f3n Ejecutiva:<\/strong> Miguel Paredes<br \/>\n<strong>Musica:<\/strong> Enrique de Justo, Birane Amar Wane, Lu\u00eds Navarro<br \/>\n<strong>Direcci\u00f3n de Producci\u00f3n:<\/strong> Ana Valero<br \/>\n<strong>Ayudante de Direcci\u00f3n:<\/strong> Mar\u00eda Rodr\u00edguez<br \/>\n<strong>Documentation:<\/strong> Agust\u00edn Toranzo<br \/>\n<strong>Postproducci\u00f3n de Sonido:<\/strong> Carlos P\u00e9rez, Jos\u00e9 Tom\u00e9<br \/>\n<strong>Ayudante de Montaje:<\/strong> Andr\u00e9s Zoilo<br \/>\n<strong>Postproducci\u00f3n Imagen:<\/strong> Kiko Romero, Abel Fern\u00e1ndez<\/p>\n<p><strong>Protagonistas:<\/strong><\/p>\n<p>Mahmoud Traor\u00e9, Patricia Fern\u00e1ndez, Spitou Mendy, Seidou Kande, Bea Moreno, Paula y Candela, Antonio Troyano, Mamadou Sow, Fatumata Traor\u00e9, Mariama Traor\u00e9, Fatou Diallo, Abdul Karim Sall, Tidjane, Demba Balde.<\/p>\n<p>Familia de Samba<\/p>\n<p>Padre Demba Banjai, Madre Sire Diao, Segunda Mujer Penda Diao, Primera Mujer Sira Valde, Hermano Galo Banjai, Hijas\/os Sira, Ramatoulaye, Seynabou, Kadidiatou, Ousmane, Coumba, Mouhamadou.<\/p>\n<p>&nbsp;<\/p>\n<div style=\"padding: 56.25% 0 0 0; position: relative;\"><iframe style=\"position: absolute; top: 0; left: 0; width: 100%; height: 100%;\" src=\"https:\/\/player.vimeo.com\/video\/204333375\" frameborder=\"0\" allowfullscreen=\"allowfullscreen\"><\/iframe><\/div>\n<p><script src=\"https:\/\/player.vimeo.com\/api\/player.js\"><\/script><\/p>\n<p><strong>Sinopsis<\/strong><\/p>\n<p>Mahmoud, un joven senegal\u00e9s que lleg\u00f3 a Europa en 2005 tras saltar la valla de Ceuta, investiga la muerte de Samba, paisano suyo que desapareci\u00f3 mientras intentaba cruzar a nado la frontera de El Tarajal y la Guardia Civil hizo uso de material antidisturbios para impedir su entrada.<\/p>\n<p>En esta b\u00fasqueda, Mahmoud har\u00e1 el camino inverso al que realiz\u00f3 en su aventura migratoria. Durante su ruta reconstruye lo ocurrido y podremos ponerle rostro a Samba, una de las personas que murieron el 6 de febrero de 2014 en la playa de El Tarajal.<\/p>\n<p><a href=\"https:\/\/vimeo.com\/ondemand\/sambaunnombreborrado\" target=\"_blank\" rel=\"noopener\">visionado en l\u00ednea (modo pago por visi\u00f3n)<\/a><\/p>\n<p>DVD [EXTRAS: &#8216;Frontera 2005&#8217;, &#8216;La Fresa Amarga&#8217;, &#8216;Trailer&#8217;; IDIOMAS: Espa\u00f1ol, Franc\u00e9s, Phoel; SUBT\u00cdTULOS: Ingl\u00e9s, Franc\u00e9s, Espa\u00f1ol]Documentary.<br \/>\nHD. 70\u2032. OCTOBER 2017<\/p>\n<p><strong>Directed by:<\/strong> Mariano Agudo<br \/>\n<strong>Script:<\/strong> Mahmoud Traor\u00e9, Mariano Agudo<br \/>\n<strong>Cinematography:<\/strong> Mariano Agudo, Eduardo Montero<br \/>\n<strong>Sound:<\/strong> Dani de Zayas<br \/>\n<strong>Music:<\/strong> Enrique de Justo, Birane Amar Wane, Luis Navarro<br \/>\n<strong>Editor:<\/strong> Kiko Romero<br \/>\n<strong>Executive Producer:<\/strong> Miguel Paredes<br \/>\n<strong>Producer:<\/strong> Ana Valero<br \/>\n<strong>Director\u2018s Assistant:<\/strong> Maria Rodr\u00edguez<br \/>\n<strong>Research:<\/strong> Agust\u00edn Toranzo<br \/>\n<strong>Sound Editor:<\/strong> Carlos P\u00e9rez, Jos\u00e9 Tom\u00e9<br \/>\n<strong>Edit Assistant:<\/strong> Andr\u00e9s Zoilo<br \/>\n<strong>Visual Effects:<\/strong> Kiko Romero, Abel Fern\u00e1ndez<\/p>\n<p><strong>Featuring:<\/strong><\/p>\n<p>Mahmoud Traor\u00e9, Patricia Fern\u00e1ndez, Spitou Mendy, Seidou Kande, Bea Moreno, Paula y Candela, Antonio Troyano, Mamadou Sow, Fatumata Traor\u00e9, Mariama Traor\u00e9, Fatou Diallo, Abdul Karim Sall, Tidjane, Demba Balde.<\/p>\n<p>Samba\u2019s Family<\/p>\n<p>Father Demba Banjai, Mother Sire Diao, Second Wife Penda Diao, First Wife Sira Valde, Brother Galo Banjai, Daughters &amp; Sons Sira, Ramatoulaye, Seynabou, Kadidiatou, Ousmane, Coumba, Mouhamadou.<\/p>\n<div style=\"padding: 56.25% 0 0 0; position: relative;\"><iframe style=\"position: absolute; top: 0; left: 0; width: 100%; height: 100%;\" src=\"https:\/\/player.vimeo.com\/video\/204333375\" frameborder=\"0\" allowfullscreen=\"allowfullscreen\"><\/iframe><\/div>\n<p><script src=\"https:\/\/player.vimeo.com\/api\/player.js\"><\/script><\/p>\n<p><strong>Synopsis<\/strong><\/p>\n<p>Mahmoud, a Senegalese youth man who arrived in Europe in 2005 after jumping over the fence of Ceuta, investigates the death of Samba, a fellow citizen who disappeared while a group of which he was part tried to swim across the border of Ceuta and the Guardia Civil made use of anti-riot material to avoid it.<\/p>\n<p>In this search, Mahmoud will make the opposite way to the one he made in his migratory adventure. During his route he reconstructs what happened and we can put a face to Samba, one of the people who died on February 6, 2014 at El Tarajal beach.<span id=\"result_box\" class=\"short_text\" lang=\"en\"><\/span><\/p>\n<p><a href=\"https:\/\/vimeo.com\/ondemand\/sambaunnombreborrado\" target=\"_blank\" rel=\"noopener\">online view (pay per view mode)<\/a><\/p>\n<p>DVD [EXTRAS: &#8216;Frontera 2005&#8217;, &#8216;La Fresa Amarga&#8217;, &#8216;Trailer&#8217;; LANGUAGES: Spanish, French, Phoel; SUBTITLES: English, French, Spanish]<\/p>","protected":false},"excerpt":{"rendered":"<p>Documental. HD. 70\u2032. OCTUBRE 2017 Direcci\u00f3n: Mariano Agudo Gui\u00f3n: Mahmoud Traor\u00e9, Mariano Agudo Fotograf\u00eda y C\u00e1mara: Mariano Agudo, Eduardo Montero Sonido: Daniel de Zayas Montaje: Kiko Romero Producci\u00f3n Ejecutiva: Miguel Paredes Musica: Enrique de Justo, Birane Amar Wane, Lu\u00eds Navarro Direcci\u00f3n de Producci\u00f3n: Ana Valero Ayudante de Direcci\u00f3n: Mar\u00eda Rodr\u00edguez Documentaci\u00f3n: Agust\u00edn Toranzo Postproducci\u00f3n de [&hellip;]<\/p>","protected":false},"featured_media":2607,"template":"","meta":{"_acf_changed":false},"product_brand":[],"product_cat":[422],"product_tag":[2527,2526,2511,2525],"class_list":{"0":"post-2538","1":"product","2":"type-product","3":"status-publish","4":"has-post-thumbnail","6":"product_cat-productos","7":"product_tag-africa","8":"product_tag-fronteras","9":"product_tag-inmigracion","10":"product_tag-samba-un-nombre-borrado","12":"first","13":"instock","14":"taxable","15":"shipping-taxable","16":"purchasable","17":"product-type-simple"},"acf":[],"yoast_head":"<!-- This site is optimized with the Yoast SEO plugin v25.3.1 - https:\/\/yoast.com\/wordpress\/plugins\/seo\/ -->\n<title>Samba, un Nombre Borrado - Intermedia Producciones<\/title>\n<meta name=\"robots\" content=\"index, follow, max-snippet:-1, max-image-preview:large, max-video-preview:-1\" \/>\n<link rel=\"canonical\" href=\"https:\/\/intermediaproducciones.com\/en\/product\/samba-un-nombre-borrado\/\" \/>\n<meta property=\"og:locale\" content=\"en_GB\" \/>\n<meta property=\"og:type\" content=\"article\" \/>\n<meta property=\"og:title\" content=\"Samba, un Nombre Borrado - Intermedia Producciones\" \/>\n<meta property=\"og:description\" content=\"Documental. HD. 70\u2032. OCTUBRE 2017 Direcci\u00f3n: Mariano Agudo Gui\u00f3n: Mahmoud Traor\u00e9, Mariano Agudo Fotograf\u00eda y C\u00e1mara: Mariano Agudo, Eduardo Montero Sonido: Daniel de Zayas Montaje: Kiko Romero Producci\u00f3n Ejecutiva: Miguel Paredes Musica: Enrique de Justo, Birane Amar Wane, Lu\u00eds Navarro Direcci\u00f3n de Producci\u00f3n: Ana Valero Ayudante de Direcci\u00f3n: Mar\u00eda Rodr\u00edguez Documentaci\u00f3n: Agust\u00edn Toranzo Postproducci\u00f3n de [&hellip;]\" \/>\n<meta property=\"og:url\" content=\"https:\/\/intermediaproducciones.com\/en\/product\/samba-un-nombre-borrado\/\" \/>\n<meta property=\"og:site_name\" content=\"Intermedia Producciones\" \/>\n<meta property=\"article:publisher\" content=\"https:\/\/www.facebook.com\/ProductoraIntermediaProducciones\" \/>\n<meta property=\"article:modified_time\" content=\"2022-02-10T11:37:17+00:00\" \/>\n<meta property=\"og:image\" content=\"https:\/\/intermediaproducciones.com\/wp-content\/uploads\/2018\/08\/CARTEL_SAMBA_WEB.jpg\" \/>\n\t<meta property=\"og:image:width\" content=\"1240\" \/>\n\t<meta property=\"og:image:height\" content=\"1754\" \/>\n\t<meta property=\"og:image:type\" content=\"image\/jpeg\" \/>\n<meta name=\"twitter:card\" content=\"summary_large_image\" \/>\n<meta name=\"twitter:label1\" content=\"Estimated reading time\" \/>\n\t<meta name=\"twitter:data1\" content=\"3 minutes\" \/>\n<script type=\"application\/ld+json\" class=\"yoast-schema-graph\">{\"@context\":\"https:\/\/schema.org\",\"@graph\":[{\"@type\":\"WebPage\",\"@id\":\"https:\/\/intermediaproducciones.com\/en\/product\/samba-un-nombre-borrado\/\",\"url\":\"https:\/\/intermediaproducciones.com\/en\/product\/samba-un-nombre-borrado\/\",\"name\":\"Samba, un Nombre Borrado - Intermedia Producciones\",\"isPartOf\":{\"@id\":\"https:\/\/intermediaproducciones.com\/#website\"},\"primaryImageOfPage\":{\"@id\":\"https:\/\/intermediaproducciones.com\/en\/product\/samba-un-nombre-borrado\/#primaryimage\"},\"image\":{\"@id\":\"https:\/\/intermediaproducciones.com\/en\/product\/samba-un-nombre-borrado\/#primaryimage\"},\"thumbnailUrl\":\"https:\/\/intermediaproducciones.com\/wp-content\/uploads\/2018\/08\/CARTEL_SAMBA_WEB.jpg\",\"datePublished\":\"2018-08-24T09:19:08+00:00\",\"dateModified\":\"2022-02-10T11:37:17+00:00\",\"breadcrumb\":{\"@id\":\"https:\/\/intermediaproducciones.com\/en\/product\/samba-un-nombre-borrado\/#breadcrumb\"},\"inLanguage\":\"en-GB\",\"potentialAction\":[{\"@type\":\"ReadAction\",\"target\":[\"https:\/\/intermediaproducciones.com\/en\/product\/samba-un-nombre-borrado\/\"]}]},{\"@type\":\"ImageObject\",\"inLanguage\":\"en-GB\",\"@id\":\"https:\/\/intermediaproducciones.com\/en\/product\/samba-un-nombre-borrado\/#primaryimage\",\"url\":\"https:\/\/intermediaproducciones.com\/wp-content\/uploads\/2018\/08\/CARTEL_SAMBA_WEB.jpg\",\"contentUrl\":\"https:\/\/intermediaproducciones.com\/wp-content\/uploads\/2018\/08\/CARTEL_SAMBA_WEB.jpg\",\"width\":1240,\"height\":1754},{\"@type\":\"BreadcrumbList\",\"@id\":\"https:\/\/intermediaproducciones.com\/en\/product\/samba-un-nombre-borrado\/#breadcrumb\",\"itemListElement\":[{\"@type\":\"ListItem\",\"position\":1,\"name\":\"Portada\",\"item\":\"https:\/\/intermediaproducciones.com\/\"},{\"@type\":\"ListItem\",\"position\":2,\"name\":\"Tienda\",\"item\":\"https:\/\/intermediaproducciones.com\/en\/tienda\/\"},{\"@type\":\"ListItem\",\"position\":3,\"name\":\"Samba, un Nombre Borrado\"}]},{\"@type\":\"WebSite\",\"@id\":\"https:\/\/intermediaproducciones.com\/#website\",\"url\":\"https:\/\/intermediaproducciones.com\/\",\"name\":\"Intermedia Producciones\",\"description\":\"Miradas, Visiones y Realidades\",\"publisher\":{\"@id\":\"https:\/\/intermediaproducciones.com\/#organization\"},\"potentialAction\":[{\"@type\":\"SearchAction\",\"target\":{\"@type\":\"EntryPoint\",\"urlTemplate\":\"https:\/\/intermediaproducciones.com\/?s={search_term_string}\"},\"query-input\":{\"@type\":\"PropertyValueSpecification\",\"valueRequired\":true,\"valueName\":\"search_term_string\"}}],\"inLanguage\":\"en-GB\"},{\"@type\":\"Organization\",\"@id\":\"https:\/\/intermediaproducciones.com\/#organization\",\"name\":\"Intermedia Producciones\",\"url\":\"https:\/\/intermediaproducciones.com\/\",\"logo\":{\"@type\":\"ImageObject\",\"inLanguage\":\"en-GB\",\"@id\":\"https:\/\/intermediaproducciones.com\/#\/schema\/logo\/image\/\",\"url\":\"https:\/\/intermediaproducciones.com\/wp-content\/uploads\/2019\/02\/logo_intermedia.png\",\"contentUrl\":\"https:\/\/intermediaproducciones.com\/wp-content\/uploads\/2019\/02\/logo_intermedia.png\",\"width\":199,\"height\":216,\"caption\":\"Intermedia Producciones\"},\"image\":{\"@id\":\"https:\/\/intermediaproducciones.com\/#\/schema\/logo\/image\/\"},\"sameAs\":[\"https:\/\/www.facebook.com\/ProductoraIntermediaProducciones\",\"https:\/\/vimeo.com\/intermedia\",\"https:\/\/www.youtube.com\/user\/IntermediaProd\",\"https:\/\/www.instagram.com\/intermediaproducciones\/\",\"https:\/\/www.linkedin.com\/company\/intermedia-producciones\/\"]}]}<\/script>\n<!-- \/ Yoast SEO plugin. -->","yoast_head_json":{"title":"Samba, un Nombre Borrado - Intermedia Producciones","robots":{"index":"index","follow":"follow","max-snippet":"max-snippet:-1","max-image-preview":"max-image-preview:large","max-video-preview":"max-video-preview:-1"},"canonical":"https:\/\/intermediaproducciones.com\/en\/product\/samba-un-nombre-borrado\/","og_locale":"en_GB","og_type":"article","og_title":"Samba, un Nombre Borrado - Intermedia Producciones","og_description":"Documental. HD. 70\u2032. OCTUBRE 2017 Direcci\u00f3n: Mariano Agudo Gui\u00f3n: Mahmoud Traor\u00e9, Mariano Agudo Fotograf\u00eda y C\u00e1mara: Mariano Agudo, Eduardo Montero Sonido: Daniel de Zayas Montaje: Kiko Romero Producci\u00f3n Ejecutiva: Miguel Paredes Musica: Enrique de Justo, Birane Amar Wane, Lu\u00eds Navarro Direcci\u00f3n de Producci\u00f3n: Ana Valero Ayudante de Direcci\u00f3n: Mar\u00eda Rodr\u00edguez Documentaci\u00f3n: Agust\u00edn Toranzo Postproducci\u00f3n de [&hellip;]","og_url":"https:\/\/intermediaproducciones.com\/en\/product\/samba-un-nombre-borrado\/","og_site_name":"Intermedia Producciones","article_publisher":"https:\/\/www.facebook.com\/ProductoraIntermediaProducciones","article_modified_time":"2022-02-10T11:37:17+00:00","og_image":[{"width":1240,"height":1754,"url":"https:\/\/intermediaproducciones.com\/wp-content\/uploads\/2018\/08\/CARTEL_SAMBA_WEB.jpg","type":"image\/jpeg"}],"twitter_card":"summary_large_image","twitter_misc":{"Estimated reading time":"3 minutes"},"schema":{"@context":"https:\/\/schema.org","@graph":[{"@type":"WebPage","@id":"https:\/\/intermediaproducciones.com\/en\/product\/samba-un-nombre-borrado\/","url":"https:\/\/intermediaproducciones.com\/en\/product\/samba-un-nombre-borrado\/","name":"Samba, un Nombre Borrado - Intermedia Producciones","isPartOf":{"@id":"https:\/\/intermediaproducciones.com\/#website"},"primaryImageOfPage":{"@id":"https:\/\/intermediaproducciones.com\/en\/product\/samba-un-nombre-borrado\/#primaryimage"},"image":{"@id":"https:\/\/intermediaproducciones.com\/en\/product\/samba-un-nombre-borrado\/#primaryimage"},"thumbnailUrl":"https:\/\/intermediaproducciones.com\/wp-content\/uploads\/2018\/08\/CARTEL_SAMBA_WEB.jpg","datePublished":"2018-08-24T09:19:08+00:00","dateModified":"2022-02-10T11:37:17+00:00","breadcrumb":{"@id":"https:\/\/intermediaproducciones.com\/en\/product\/samba-un-nombre-borrado\/#breadcrumb"},"inLanguage":"en-GB","potentialAction":[{"@type":"ReadAction","target":["https:\/\/intermediaproducciones.com\/en\/product\/samba-un-nombre-borrado\/"]}]},{"@type":"ImageObject","inLanguage":"en-GB","@id":"https:\/\/intermediaproducciones.com\/en\/product\/samba-un-nombre-borrado\/#primaryimage","url":"https:\/\/intermediaproducciones.com\/wp-content\/uploads\/2018\/08\/CARTEL_SAMBA_WEB.jpg","contentUrl":"https:\/\/intermediaproducciones.com\/wp-content\/uploads\/2018\/08\/CARTEL_SAMBA_WEB.jpg","width":1240,"height":1754},{"@type":"BreadcrumbList","@id":"https:\/\/intermediaproducciones.com\/en\/product\/samba-un-nombre-borrado\/#breadcrumb","itemListElement":[{"@type":"ListItem","position":1,"name":"Portada","item":"https:\/\/intermediaproducciones.com\/"},{"@type":"ListItem","position":2,"name":"Tienda","item":"https:\/\/intermediaproducciones.com\/en\/tienda\/"},{"@type":"ListItem","position":3,"name":"Samba, un Nombre Borrado"}]},{"@type":"WebSite","@id":"https:\/\/intermediaproducciones.com\/#website","url":"https:\/\/intermediaproducciones.com\/","name":"Intermedia Producciones","description":"Miradas, Visiones y Realidades","publisher":{"@id":"https:\/\/intermediaproducciones.com\/#organization"},"potentialAction":[{"@type":"SearchAction","target":{"@type":"EntryPoint","urlTemplate":"https:\/\/intermediaproducciones.com\/?s={search_term_string}"},"query-input":{"@type":"PropertyValueSpecification","valueRequired":true,"valueName":"search_term_string"}}],"inLanguage":"en-GB"},{"@type":"Organization","@id":"https:\/\/intermediaproducciones.com\/#organization","name":"Intermedia Producciones","url":"https:\/\/intermediaproducciones.com\/","logo":{"@type":"ImageObject","inLanguage":"en-GB","@id":"https:\/\/intermediaproducciones.com\/#\/schema\/logo\/image\/","url":"https:\/\/intermediaproducciones.com\/wp-content\/uploads\/2019\/02\/logo_intermedia.png","contentUrl":"https:\/\/intermediaproducciones.com\/wp-content\/uploads\/2019\/02\/logo_intermedia.png","width":199,"height":216,"caption":"Intermedia Producciones"},"image":{"@id":"https:\/\/intermediaproducciones.com\/#\/schema\/logo\/image\/"},"sameAs":["https:\/\/www.facebook.com\/ProductoraIntermediaProducciones","https:\/\/vimeo.com\/intermedia","https:\/\/www.youtube.com\/user\/IntermediaProd","https:\/\/www.instagram.com\/intermediaproducciones\/","https:\/\/www.linkedin.com\/company\/intermedia-producciones\/"]}]}},"_links":{"self":[{"href":"https:\/\/intermediaproducciones.com\/en\/wp-json\/wp\/v2\/product\/2538","targetHints":{"allow":["GET"]}}],"collection":[{"href":"https:\/\/intermediaproducciones.com\/en\/wp-json\/wp\/v2\/product"}],"about":[{"href":"https:\/\/intermediaproducciones.com\/en\/wp-json\/wp\/v2\/types\/product"}],"wp:featuredmedia":[{"embeddable":true,"href":"https:\/\/intermediaproducciones.com\/en\/wp-json\/wp\/v2\/media\/2607"}],"wp:attachment":[{"href":"https:\/\/intermediaproducciones.com\/en\/wp-json\/wp\/v2\/media?parent=2538"}],"wp:term":[{"taxonomy":"product_brand","embeddable":true,"href":"https:\/\/intermediaproducciones.com\/en\/wp-json\/wp\/v2\/product_brand?post=2538"},{"taxonomy":"product_cat","embeddable":true,"href":"https:\/\/intermediaproducciones.com\/en\/wp-json\/wp\/v2\/product_cat?post=2538"},{"taxonomy":"product_tag","embeddable":true,"href":"https:\/\/intermediaproducciones.com\/en\/wp-json\/wp\/v2\/product_tag?post=2538"}],"curies":[{"name":"wp","href":"https:\/\/api.w.org\/{rel}","templated":true}]}}