{"id":2540,"date":"2018-08-24T09:24:06","date_gmt":"2018-08-24T09:24:06","guid":{"rendered":"https:\/\/intermediaproducciones.com\/?post_type=product&#038;p=2540"},"modified":"2025-01-27T10:12:18","modified_gmt":"2025-01-27T10:12:18","slug":"gurumbe-canciones-de-tu-memoria-negra","status":"publish","type":"product","link":"https:\/\/intermediaproducciones.com\/en\/product\/gurumbe-canciones-de-tu-memoria-negra\/","title":{"rendered":"Gurumb\u00e9. Afro-Andalusian Memories"},"content":{"rendered":"<p>NOVIEMBRE 2016<\/p>\n<p>Documental. 72 minutos. Color<\/p>\n<p><strong>Gui\u00f3n y Direcci\u00f3n:<\/strong> Miguel \u00c1ngel Rosales<br \/>\n<strong>Sound:<\/strong> Juan Egoscoz\u00e1bal<br \/>\n<strong>Grafismo:<\/strong> Kiko Romero<br \/>\n<strong>Fotograf\u00eda:<\/strong> Eduardo Montero<br \/>\n<strong>Productor:<\/strong> Miguel Paredes<br \/>\n<strong>Montage:<\/strong> Andr\u00e9s Zoilo<br \/>\n<strong>Distribuci\u00f3n Intermedia:<\/strong> Natalia de Ancos<br \/>\n<strong>Distribuci\u00f3n:<\/strong> 3boxmedia<\/p>\n<div style=\"padding: 56.25% 0 0 0; position: relative;\"><iframe style=\"position: absolute; top: 0; left: 0; width: 100%; height: 100%;\" src=\"https:\/\/player.vimeo.com\/video\/146310886\" frameborder=\"0\" allowfullscreen=\"allowfullscreen\"><\/iframe><\/div>\n<p><script src=\"https:\/\/player.vimeo.com\/api\/player.js\"><\/script><\/p>\n<p><strong>Sinopsis<\/strong><\/p>\n<p>Today Europe\u2019s southern borders are shielded with barbed wire and fences, but once a trade flourished here that forcibly kidnapped thousands of african men and women into exile and exploitation. Giving voice to its Afro Andalusian memories, Gurumb\u00e9 leads us to question Spanish identity, reminding us that Africa is weaved into its fabric.<\/p>\n<p><a href=\"https:\/\/vimeo.com\/ondemand\/gurumbe\">visionado en l\u00ednea (modo pago por visi\u00f3n)<\/a><\/p>\n<p>DVD [EXTRAS: Trailer, Material OFF: El guitarrista Tino Van Der Sman y el cantaor Vicente Gelo recorren musicalmente la corta distancia entre la Petenera flamenca y la Petenera Jarocha mexicana; IDIOMAS: Espa\u00f1ol, Portugu\u00eas; SUBT\u00cdTULOS: Ingl\u00e9s, Franc\u00e9s, Espa\u00f1ol]Documentary. 72&#8242;. Color. 2016<\/p>\n<p><strong>Written and Directed by:<\/strong> Miguel \u00c1ngel Rosales<br \/>\n<strong>Sound:<\/strong> Juan Egoscoz\u00e1bal<br \/>\n<strong>Animations &amp; Graphic Design:<\/strong> Kiko Romero<br \/>\n<strong>Cinematography:<\/strong> Eduardo Montero<br \/>\n<strong>Production:<\/strong> Miguel Paredes<br \/>\n<strong>Editor:<\/strong> Andr\u00e9s Zoilo<br \/>\n<strong>Executive Producers:<\/strong> Mariano Agudo, Miguel Paredes<br \/>\n<strong>Intermedia Distributor:<\/strong> Natalia de Ancos<br \/>\n<strong>Distributor:<\/strong> 3boxmedia<\/p>\n<div style=\"padding: 56.25% 0 0 0; position: relative;\"><iframe style=\"position: absolute; top: 0; left: 0; width: 100%; height: 100%;\" src=\"https:\/\/player.vimeo.com\/video\/146310886\" frameborder=\"0\" allowfullscreen=\"allowfullscreen\"><\/iframe><\/div>\n<p><script src=\"https:\/\/player.vimeo.com\/api\/player.js\"><\/script><\/p>\n<p><strong>Synopsis<\/strong><\/p>\n<p>Today Europe\u2019s southern borders are shielded with barbed wire and fences, but once a trade flourished here that forcibly kidnapped thousands of african men and women into exile and exploitation. Giving voice to its Afro Andalusian memories, Gurumb\u00e9 leads us to question Spanish identity, reminding us that Africa is weaved into its fabric.<\/p>\n<p><a href=\"https:\/\/vimeo.com\/ondemand\/gurumbe\" target=\"_blank\" rel=\"noopener\">online view (pay per view mode)<\/a><\/p>\n<p>DVD [EXTRAS: &#8216;Trailer&#8217;, OFF Material:\u00a0<span id=\"result_box\" class=\"\" lang=\"en\"><span class=\"\">The guitarist Tino Van Der Sman and the singer Vicente Gelo musically cross the short distance between the Petenera flamenca and the Petenera Jarocha mexicana<\/span><\/span>; LANGUAGES: Spanish, Portuguese; SUBTITLES: English, French, Spanish]<\/p>","protected":false},"excerpt":{"rendered":"<p>NOVIEMBRE 2016 Documental. 72 minutos. Color Gui\u00f3n y Direcci\u00f3n: Miguel \u00c1ngel Rosales Sonido: Juan Egoscoz\u00e1bal Grafismo: Kiko Romero Fotograf\u00eda: Eduardo Montero Productor: Miguel Paredes Montaje: Andr\u00e9s Zoilo Distribuci\u00f3n Intermedia: Natalia de Ancos Distribuci\u00f3n: 3boxmedia Sinopsis Al sur de Europa, donde hoy se blindan fronteras con concertinas y muros, ayer florec\u00eda un negocio que arrastraba forzosamente [&hellip;]<\/p>","protected":false},"featured_media":2437,"template":"","meta":{"_acf_changed":false},"product_brand":[],"product_cat":[422],"product_tag":[2527,493,2529,2530,2526,2528],"class_list":{"0":"post-2540","1":"product","2":"type-product","3":"status-publish","4":"has-post-thumbnail","6":"product_cat-productos","7":"product_tag-africa","8":"product_tag-documental","9":"product_tag-exilio","10":"product_tag-explotacion","11":"product_tag-fronteras","12":"product_tag-gurumbe-canciones-de-tu-memoria-negra","14":"first","15":"outofstock","16":"taxable","17":"shipping-taxable","18":"purchasable","19":"product-type-simple"},"acf":[],"yoast_head":"<!-- This site is optimized with the Yoast SEO plugin v25.3.1 - https:\/\/yoast.com\/wordpress\/plugins\/seo\/ -->\n<title>Gurumb\u00e9, Canciones de tu Memoria Negra - Intermedia Producciones<\/title>\n<meta name=\"robots\" content=\"index, follow, max-snippet:-1, max-image-preview:large, max-video-preview:-1\" \/>\n<link rel=\"canonical\" href=\"https:\/\/intermediaproducciones.com\/en\/product\/gurumbe-canciones-de-tu-memoria-negra\/\" \/>\n<meta property=\"og:locale\" content=\"en_GB\" \/>\n<meta property=\"og:type\" content=\"article\" \/>\n<meta property=\"og:title\" content=\"Gurumb\u00e9, Canciones de tu Memoria Negra - Intermedia Producciones\" \/>\n<meta property=\"og:description\" content=\"NOVIEMBRE 2016 Documental. 72 minutos. Color Gui\u00f3n y Direcci\u00f3n: Miguel \u00c1ngel Rosales Sonido: Juan Egoscoz\u00e1bal Grafismo: Kiko Romero Fotograf\u00eda: Eduardo Montero Productor: Miguel Paredes Montaje: Andr\u00e9s Zoilo Distribuci\u00f3n Intermedia: Natalia de Ancos Distribuci\u00f3n: 3boxmedia Sinopsis Al sur de Europa, donde hoy se blindan fronteras con concertinas y muros, ayer florec\u00eda un negocio que arrastraba forzosamente [&hellip;]\" \/>\n<meta property=\"og:url\" content=\"https:\/\/intermediaproducciones.com\/en\/product\/gurumbe-canciones-de-tu-memoria-negra\/\" \/>\n<meta property=\"og:site_name\" content=\"Intermedia Producciones\" \/>\n<meta property=\"article:publisher\" content=\"https:\/\/www.facebook.com\/ProductoraIntermediaProducciones\" \/>\n<meta property=\"article:modified_time\" content=\"2025-01-27T10:12:18+00:00\" \/>\n<meta property=\"og:image\" content=\"https:\/\/intermediaproducciones.com\/wp-content\/uploads\/2017\/03\/cartel_gurumbe.png\" \/>\n\t<meta property=\"og:image:width\" content=\"437\" \/>\n\t<meta property=\"og:image:height\" content=\"605\" \/>\n\t<meta property=\"og:image:type\" content=\"image\/png\" \/>\n<meta name=\"twitter:card\" content=\"summary_large_image\" \/>\n<meta name=\"twitter:label1\" content=\"Estimated reading time\" \/>\n\t<meta name=\"twitter:data1\" content=\"2 minutes\" \/>\n<script type=\"application\/ld+json\" class=\"yoast-schema-graph\">{\"@context\":\"https:\/\/schema.org\",\"@graph\":[{\"@type\":\"WebPage\",\"@id\":\"https:\/\/intermediaproducciones.com\/producto\/gurumbe-canciones-de-tu-memoria-negra\/\",\"url\":\"https:\/\/intermediaproducciones.com\/producto\/gurumbe-canciones-de-tu-memoria-negra\/\",\"name\":\"Gurumb\u00e9, Canciones de tu Memoria Negra - Intermedia Producciones\",\"isPartOf\":{\"@id\":\"https:\/\/intermediaproducciones.com\/#website\"},\"primaryImageOfPage\":{\"@id\":\"https:\/\/intermediaproducciones.com\/producto\/gurumbe-canciones-de-tu-memoria-negra\/#primaryimage\"},\"image\":{\"@id\":\"https:\/\/intermediaproducciones.com\/producto\/gurumbe-canciones-de-tu-memoria-negra\/#primaryimage\"},\"thumbnailUrl\":\"https:\/\/intermediaproducciones.com\/wp-content\/uploads\/2017\/03\/cartel_gurumbe.png\",\"datePublished\":\"2018-08-24T09:24:06+00:00\",\"dateModified\":\"2025-01-27T10:12:18+00:00\",\"breadcrumb\":{\"@id\":\"https:\/\/intermediaproducciones.com\/producto\/gurumbe-canciones-de-tu-memoria-negra\/#breadcrumb\"},\"inLanguage\":\"en-GB\",\"potentialAction\":[{\"@type\":\"ReadAction\",\"target\":[\"https:\/\/intermediaproducciones.com\/producto\/gurumbe-canciones-de-tu-memoria-negra\/\"]}]},{\"@type\":\"ImageObject\",\"inLanguage\":\"en-GB\",\"@id\":\"https:\/\/intermediaproducciones.com\/producto\/gurumbe-canciones-de-tu-memoria-negra\/#primaryimage\",\"url\":\"https:\/\/intermediaproducciones.com\/wp-content\/uploads\/2017\/03\/cartel_gurumbe.png\",\"contentUrl\":\"https:\/\/intermediaproducciones.com\/wp-content\/uploads\/2017\/03\/cartel_gurumbe.png\",\"width\":437,\"height\":605},{\"@type\":\"BreadcrumbList\",\"@id\":\"https:\/\/intermediaproducciones.com\/producto\/gurumbe-canciones-de-tu-memoria-negra\/#breadcrumb\",\"itemListElement\":[{\"@type\":\"ListItem\",\"position\":1,\"name\":\"Portada\",\"item\":\"https:\/\/intermediaproducciones.com\/\"},{\"@type\":\"ListItem\",\"position\":2,\"name\":\"Tienda\",\"item\":\"https:\/\/intermediaproducciones.com\/en\/tienda\/\"},{\"@type\":\"ListItem\",\"position\":3,\"name\":\"Gurumb\u00e9, Canciones de tu Memoria Negra\"}]},{\"@type\":\"WebSite\",\"@id\":\"https:\/\/intermediaproducciones.com\/#website\",\"url\":\"https:\/\/intermediaproducciones.com\/\",\"name\":\"Intermedia Producciones\",\"description\":\"Miradas, Visiones y Realidades\",\"publisher\":{\"@id\":\"https:\/\/intermediaproducciones.com\/#organization\"},\"potentialAction\":[{\"@type\":\"SearchAction\",\"target\":{\"@type\":\"EntryPoint\",\"urlTemplate\":\"https:\/\/intermediaproducciones.com\/?s={search_term_string}\"},\"query-input\":{\"@type\":\"PropertyValueSpecification\",\"valueRequired\":true,\"valueName\":\"search_term_string\"}}],\"inLanguage\":\"en-GB\"},{\"@type\":\"Organization\",\"@id\":\"https:\/\/intermediaproducciones.com\/#organization\",\"name\":\"Intermedia Producciones\",\"url\":\"https:\/\/intermediaproducciones.com\/\",\"logo\":{\"@type\":\"ImageObject\",\"inLanguage\":\"en-GB\",\"@id\":\"https:\/\/intermediaproducciones.com\/#\/schema\/logo\/image\/\",\"url\":\"https:\/\/intermediaproducciones.com\/wp-content\/uploads\/2019\/02\/logo_intermedia.png\",\"contentUrl\":\"https:\/\/intermediaproducciones.com\/wp-content\/uploads\/2019\/02\/logo_intermedia.png\",\"width\":199,\"height\":216,\"caption\":\"Intermedia Producciones\"},\"image\":{\"@id\":\"https:\/\/intermediaproducciones.com\/#\/schema\/logo\/image\/\"},\"sameAs\":[\"https:\/\/www.facebook.com\/ProductoraIntermediaProducciones\",\"https:\/\/vimeo.com\/intermedia\",\"https:\/\/www.youtube.com\/user\/IntermediaProd\",\"https:\/\/www.instagram.com\/intermediaproducciones\/\",\"https:\/\/www.linkedin.com\/company\/intermedia-producciones\/\"]}]}<\/script>\n<!-- \/ Yoast SEO plugin. -->","yoast_head_json":{"title":"Gurumb\u00e9, Canciones de tu Memoria Negra - Intermedia Producciones","robots":{"index":"index","follow":"follow","max-snippet":"max-snippet:-1","max-image-preview":"max-image-preview:large","max-video-preview":"max-video-preview:-1"},"canonical":"https:\/\/intermediaproducciones.com\/en\/product\/gurumbe-canciones-de-tu-memoria-negra\/","og_locale":"en_GB","og_type":"article","og_title":"Gurumb\u00e9, Canciones de tu Memoria Negra - Intermedia Producciones","og_description":"NOVIEMBRE 2016 Documental. 72 minutos. Color Gui\u00f3n y Direcci\u00f3n: Miguel \u00c1ngel Rosales Sonido: Juan Egoscoz\u00e1bal Grafismo: Kiko Romero Fotograf\u00eda: Eduardo Montero Productor: Miguel Paredes Montaje: Andr\u00e9s Zoilo Distribuci\u00f3n Intermedia: Natalia de Ancos Distribuci\u00f3n: 3boxmedia Sinopsis Al sur de Europa, donde hoy se blindan fronteras con concertinas y muros, ayer florec\u00eda un negocio que arrastraba forzosamente [&hellip;]","og_url":"https:\/\/intermediaproducciones.com\/en\/product\/gurumbe-canciones-de-tu-memoria-negra\/","og_site_name":"Intermedia Producciones","article_publisher":"https:\/\/www.facebook.com\/ProductoraIntermediaProducciones","article_modified_time":"2025-01-27T10:12:18+00:00","og_image":[{"width":437,"height":605,"url":"https:\/\/intermediaproducciones.com\/wp-content\/uploads\/2017\/03\/cartel_gurumbe.png","type":"image\/png"}],"twitter_card":"summary_large_image","twitter_misc":{"Estimated reading time":"2 minutes"},"schema":{"@context":"https:\/\/schema.org","@graph":[{"@type":"WebPage","@id":"https:\/\/intermediaproducciones.com\/producto\/gurumbe-canciones-de-tu-memoria-negra\/","url":"https:\/\/intermediaproducciones.com\/producto\/gurumbe-canciones-de-tu-memoria-negra\/","name":"Gurumb\u00e9, Canciones de tu Memoria Negra - Intermedia Producciones","isPartOf":{"@id":"https:\/\/intermediaproducciones.com\/#website"},"primaryImageOfPage":{"@id":"https:\/\/intermediaproducciones.com\/producto\/gurumbe-canciones-de-tu-memoria-negra\/#primaryimage"},"image":{"@id":"https:\/\/intermediaproducciones.com\/producto\/gurumbe-canciones-de-tu-memoria-negra\/#primaryimage"},"thumbnailUrl":"https:\/\/intermediaproducciones.com\/wp-content\/uploads\/2017\/03\/cartel_gurumbe.png","datePublished":"2018-08-24T09:24:06+00:00","dateModified":"2025-01-27T10:12:18+00:00","breadcrumb":{"@id":"https:\/\/intermediaproducciones.com\/producto\/gurumbe-canciones-de-tu-memoria-negra\/#breadcrumb"},"inLanguage":"en-GB","potentialAction":[{"@type":"ReadAction","target":["https:\/\/intermediaproducciones.com\/producto\/gurumbe-canciones-de-tu-memoria-negra\/"]}]},{"@type":"ImageObject","inLanguage":"en-GB","@id":"https:\/\/intermediaproducciones.com\/producto\/gurumbe-canciones-de-tu-memoria-negra\/#primaryimage","url":"https:\/\/intermediaproducciones.com\/wp-content\/uploads\/2017\/03\/cartel_gurumbe.png","contentUrl":"https:\/\/intermediaproducciones.com\/wp-content\/uploads\/2017\/03\/cartel_gurumbe.png","width":437,"height":605},{"@type":"BreadcrumbList","@id":"https:\/\/intermediaproducciones.com\/producto\/gurumbe-canciones-de-tu-memoria-negra\/#breadcrumb","itemListElement":[{"@type":"ListItem","position":1,"name":"Portada","item":"https:\/\/intermediaproducciones.com\/"},{"@type":"ListItem","position":2,"name":"Tienda","item":"https:\/\/intermediaproducciones.com\/en\/tienda\/"},{"@type":"ListItem","position":3,"name":"Gurumb\u00e9, Canciones de tu Memoria Negra"}]},{"@type":"WebSite","@id":"https:\/\/intermediaproducciones.com\/#website","url":"https:\/\/intermediaproducciones.com\/","name":"Intermedia Producciones","description":"Miradas, Visiones y Realidades","publisher":{"@id":"https:\/\/intermediaproducciones.com\/#organization"},"potentialAction":[{"@type":"SearchAction","target":{"@type":"EntryPoint","urlTemplate":"https:\/\/intermediaproducciones.com\/?s={search_term_string}"},"query-input":{"@type":"PropertyValueSpecification","valueRequired":true,"valueName":"search_term_string"}}],"inLanguage":"en-GB"},{"@type":"Organization","@id":"https:\/\/intermediaproducciones.com\/#organization","name":"Intermedia Producciones","url":"https:\/\/intermediaproducciones.com\/","logo":{"@type":"ImageObject","inLanguage":"en-GB","@id":"https:\/\/intermediaproducciones.com\/#\/schema\/logo\/image\/","url":"https:\/\/intermediaproducciones.com\/wp-content\/uploads\/2019\/02\/logo_intermedia.png","contentUrl":"https:\/\/intermediaproducciones.com\/wp-content\/uploads\/2019\/02\/logo_intermedia.png","width":199,"height":216,"caption":"Intermedia Producciones"},"image":{"@id":"https:\/\/intermediaproducciones.com\/#\/schema\/logo\/image\/"},"sameAs":["https:\/\/www.facebook.com\/ProductoraIntermediaProducciones","https:\/\/vimeo.com\/intermedia","https:\/\/www.youtube.com\/user\/IntermediaProd","https:\/\/www.instagram.com\/intermediaproducciones\/","https:\/\/www.linkedin.com\/company\/intermedia-producciones\/"]}]}},"_links":{"self":[{"href":"https:\/\/intermediaproducciones.com\/en\/wp-json\/wp\/v2\/product\/2540","targetHints":{"allow":["GET"]}}],"collection":[{"href":"https:\/\/intermediaproducciones.com\/en\/wp-json\/wp\/v2\/product"}],"about":[{"href":"https:\/\/intermediaproducciones.com\/en\/wp-json\/wp\/v2\/types\/product"}],"wp:featuredmedia":[{"embeddable":true,"href":"https:\/\/intermediaproducciones.com\/en\/wp-json\/wp\/v2\/media\/2437"}],"wp:attachment":[{"href":"https:\/\/intermediaproducciones.com\/en\/wp-json\/wp\/v2\/media?parent=2540"}],"wp:term":[{"taxonomy":"product_brand","embeddable":true,"href":"https:\/\/intermediaproducciones.com\/en\/wp-json\/wp\/v2\/product_brand?post=2540"},{"taxonomy":"product_cat","embeddable":true,"href":"https:\/\/intermediaproducciones.com\/en\/wp-json\/wp\/v2\/product_cat?post=2540"},{"taxonomy":"product_tag","embeddable":true,"href":"https:\/\/intermediaproducciones.com\/en\/wp-json\/wp\/v2\/product_tag?post=2540"}],"curies":[{"name":"wp","href":"https:\/\/api.w.org\/{rel}","templated":true}]}}